{"id":11437,"date":"2026-04-07T13:11:13","date_gmt":"2026-04-07T11:11:13","guid":{"rendered":"https:\/\/www.nosas.no\/?page_id=11437"},"modified":"2026-04-09T14:30:22","modified_gmt":"2026-04-09T12:30:22","slug":"nos-energilosninger","status":"publish","type":"page","link":"https:\/\/www.nosas.no\/nb\/nos-energy-solutions\/","title":{"rendered":"NOS Energil\u00f8sninger"},"content":{"rendered":"","protected":false},"excerpt":{"rendered":"","protected":false},"author":2,"featured_media":11489,"parent":0,"menu_order":0,"comment_status":"closed","ping_status":"closed","template":"fl-theme-layout-306","meta":{"_acf_changed":false,"footnotes":""},"selskap":[49],"class_list":["post-11437","page","type-page","status-publish","has-post-thumbnail","hentry","selskap-nos-energy-solutions"],"acf":[],"yoast_head":"<!-- This site is optimized with the Yoast SEO plugin v27.3 - https:\/\/yoast.com\/product\/yoast-seo-wordpress\/ -->\n<title>NOS Energy Solutions - Shore Power and Electrification<\/title>\n<meta name=\"description\" content=\"Electrification, shore power and energy systems for offshore, maritime and industrial operations. Built for demanding environments.\" \/>\n<meta name=\"robots\" content=\"index, follow, max-snippet:-1, max-image-preview:large, max-video-preview:-1\" \/>\n<link rel=\"canonical\" href=\"https:\/\/www.nosas.no\/nb\/nos-energilosninger\/\" \/>\n<meta property=\"og:locale\" content=\"nb_NO\" \/>\n<meta property=\"og:type\" content=\"article\" \/>\n<meta property=\"og:title\" content=\"NOS Energy Solutions - Shore Power and Electrification\" \/>\n<meta property=\"og:description\" content=\"Electrification, shore power and energy systems for offshore, maritime and industrial operations. Built for demanding environments.\" \/>\n<meta property=\"og:url\" content=\"https:\/\/www.nosas.no\/nb\/nos-energilosninger\/\" \/>\n<meta property=\"og:site_name\" content=\"NOS Group\" \/>\n<meta property=\"article:modified_time\" content=\"2026-04-09T12:30:22+00:00\" \/>\n<meta property=\"og:image\" content=\"https:\/\/www.nosas.no\/wp-content\/uploads\/2026\/04\/Digitalization-scaled.jpg\" \/>\n\t<meta property=\"og:image:width\" content=\"2560\" \/>\n\t<meta property=\"og:image:height\" content=\"1440\" \/>\n\t<meta property=\"og:image:type\" content=\"image\/jpeg\" \/>\n<meta name=\"twitter:card\" content=\"summary_large_image\" \/>\n<meta name=\"twitter:label1\" content=\"Ansl. lesetid\" \/>\n\t<meta name=\"twitter:data1\" content=\"1 minutt\" \/>\n<script type=\"application\/ld+json\" class=\"yoast-schema-graph\">{\"@context\":\"https:\\\/\\\/schema.org\",\"@graph\":[{\"@type\":\"WebPage\",\"@id\":\"https:\\\/\\\/www.nosas.no\\\/nos-energy-solutions\\\/\",\"url\":\"https:\\\/\\\/www.nosas.no\\\/nos-energy-solutions\\\/\",\"name\":\"NOS Energy Solutions - Shore Power and Electrification\",\"isPartOf\":{\"@id\":\"https:\\\/\\\/www.nosas.no\\\/#website\"},\"primaryImageOfPage\":{\"@id\":\"https:\\\/\\\/www.nosas.no\\\/nos-energy-solutions\\\/#primaryimage\"},\"image\":{\"@id\":\"https:\\\/\\\/www.nosas.no\\\/nos-energy-solutions\\\/#primaryimage\"},\"thumbnailUrl\":\"https:\\\/\\\/www.nosas.no\\\/wp-content\\\/uploads\\\/2026\\\/04\\\/Digitalization-scaled.jpg\",\"datePublished\":\"2026-04-07T11:11:13+00:00\",\"dateModified\":\"2026-04-09T12:30:22+00:00\",\"description\":\"Electrification, shore power and energy systems for offshore, maritime and industrial operations. Built for demanding environments.\",\"breadcrumb\":{\"@id\":\"https:\\\/\\\/www.nosas.no\\\/nos-energy-solutions\\\/#breadcrumb\"},\"inLanguage\":\"nb-NO\",\"potentialAction\":[{\"@type\":\"ReadAction\",\"target\":[\"https:\\\/\\\/www.nosas.no\\\/nos-energy-solutions\\\/\"]}]},{\"@type\":\"ImageObject\",\"inLanguage\":\"nb-NO\",\"@id\":\"https:\\\/\\\/www.nosas.no\\\/nos-energy-solutions\\\/#primaryimage\",\"url\":\"https:\\\/\\\/www.nosas.no\\\/wp-content\\\/uploads\\\/2026\\\/04\\\/Digitalization-scaled.jpg\",\"contentUrl\":\"https:\\\/\\\/www.nosas.no\\\/wp-content\\\/uploads\\\/2026\\\/04\\\/Digitalization-scaled.jpg\",\"width\":2560,\"height\":1440},{\"@type\":\"BreadcrumbList\",\"@id\":\"https:\\\/\\\/www.nosas.no\\\/nos-energy-solutions\\\/#breadcrumb\",\"itemListElement\":[{\"@type\":\"ListItem\",\"position\":1,\"name\":\"Home\",\"item\":\"https:\\\/\\\/www.nosas.no\\\/\"},{\"@type\":\"ListItem\",\"position\":2,\"name\":\"NOS Energy Solutions\"}]},{\"@type\":\"WebSite\",\"@id\":\"https:\\\/\\\/www.nosas.no\\\/#website\",\"url\":\"https:\\\/\\\/www.nosas.no\\\/\",\"name\":\"NOS Group\",\"description\":\"We connect specialised companies to deliver smarter, seamless solutions.\",\"potentialAction\":[{\"@type\":\"SearchAction\",\"target\":{\"@type\":\"EntryPoint\",\"urlTemplate\":\"https:\\\/\\\/www.nosas.no\\\/?s={search_term_string}\"},\"query-input\":{\"@type\":\"PropertyValueSpecification\",\"valueRequired\":true,\"valueName\":\"search_term_string\"}}],\"inLanguage\":\"nb-NO\"}]}<\/script>\n<!-- \/ Yoast SEO plugin. -->","yoast_head_json":{"title":"NOS Energy Solutions - Landstr\u00f8m og elektrifisering","description":"Elektrifisering, landstr\u00f8m og energisystemer for offshore-, maritime- og industrielle operasjoner. Bygget for krevende milj\u00f8er.","robots":{"index":"index","follow":"follow","max-snippet":"max-snippet:-1","max-image-preview":"max-image-preview:large","max-video-preview":"max-video-preview:-1"},"canonical":"https:\/\/www.nosas.no\/nb\/nos-energilosninger\/","og_locale":"nb_NO","og_type":"article","og_title":"NOS Energy Solutions - Shore Power and Electrification","og_description":"Electrification, shore power and energy systems for offshore, maritime and industrial operations. Built for demanding environments.","og_url":"https:\/\/www.nosas.no\/nb\/nos-energilosninger\/","og_site_name":"NOS Group","article_modified_time":"2026-04-09T12:30:22+00:00","og_image":[{"width":2560,"height":1440,"url":"https:\/\/www.nosas.no\/wp-content\/uploads\/2026\/04\/Digitalization-scaled.jpg","type":"image\/jpeg"}],"twitter_card":"summary_large_image","twitter_misc":{"Ansl. lesetid":"1 minutt"},"schema":{"@context":"https:\/\/schema.org","@graph":[{"@type":"WebPage","@id":"https:\/\/www.nosas.no\/nos-energy-solutions\/","url":"https:\/\/www.nosas.no\/nos-energy-solutions\/","name":"NOS Energy Solutions - Landstr\u00f8m og elektrifisering","isPartOf":{"@id":"https:\/\/www.nosas.no\/#website"},"primaryImageOfPage":{"@id":"https:\/\/www.nosas.no\/nos-energy-solutions\/#primaryimage"},"image":{"@id":"https:\/\/www.nosas.no\/nos-energy-solutions\/#primaryimage"},"thumbnailUrl":"https:\/\/www.nosas.no\/wp-content\/uploads\/2026\/04\/Digitalization-scaled.jpg","datePublished":"2026-04-07T11:11:13+00:00","dateModified":"2026-04-09T12:30:22+00:00","description":"Elektrifisering, landstr\u00f8m og energisystemer for offshore-, maritime- og industrielle operasjoner. Bygget for krevende milj\u00f8er.","breadcrumb":{"@id":"https:\/\/www.nosas.no\/nos-energy-solutions\/#breadcrumb"},"inLanguage":"nb-NO","potentialAction":[{"@type":"ReadAction","target":["https:\/\/www.nosas.no\/nos-energy-solutions\/"]}]},{"@type":"ImageObject","inLanguage":"nb-NO","@id":"https:\/\/www.nosas.no\/nos-energy-solutions\/#primaryimage","url":"https:\/\/www.nosas.no\/wp-content\/uploads\/2026\/04\/Digitalization-scaled.jpg","contentUrl":"https:\/\/www.nosas.no\/wp-content\/uploads\/2026\/04\/Digitalization-scaled.jpg","width":2560,"height":1440},{"@type":"BreadcrumbList","@id":"https:\/\/www.nosas.no\/nos-energy-solutions\/#breadcrumb","itemListElement":[{"@type":"ListItem","position":1,"name":"Home","item":"https:\/\/www.nosas.no\/"},{"@type":"ListItem","position":2,"name":"NOS Energy Solutions"}]},{"@type":"WebSite","@id":"https:\/\/www.nosas.no\/#website","url":"https:\/\/www.nosas.no\/","name":"NOS Group","description":"Vi kobler sammen spesialiserte selskaper for \u00e5 levere smartere, s\u00f8ml\u00f8se l\u00f8sninger.","potentialAction":[{"@type":"SearchAction","target":{"@type":"EntryPoint","urlTemplate":"https:\/\/www.nosas.no\/?s={search_term_string}"},"query-input":{"@type":"PropertyValueSpecification","valueRequired":true,"valueName":"search_term_string"}}],"inLanguage":"nb-NO"}]}},"_links":{"self":[{"href":"https:\/\/www.nosas.no\/nb\/wp-json\/wp\/v2\/pages\/11437","targetHints":{"allow":["GET"]}}],"collection":[{"href":"https:\/\/www.nosas.no\/nb\/wp-json\/wp\/v2\/pages"}],"about":[{"href":"https:\/\/www.nosas.no\/nb\/wp-json\/wp\/v2\/types\/page"}],"author":[{"embeddable":true,"href":"https:\/\/www.nosas.no\/nb\/wp-json\/wp\/v2\/users\/2"}],"replies":[{"embeddable":true,"href":"https:\/\/www.nosas.no\/nb\/wp-json\/wp\/v2\/comments?post=11437"}],"version-history":[{"count":15,"href":"https:\/\/www.nosas.no\/nb\/wp-json\/wp\/v2\/pages\/11437\/revisions"}],"predecessor-version":[{"id":11539,"href":"https:\/\/www.nosas.no\/nb\/wp-json\/wp\/v2\/pages\/11437\/revisions\/11539"}],"wp:featuredmedia":[{"embeddable":true,"href":"https:\/\/www.nosas.no\/nb\/wp-json\/wp\/v2\/media\/11489"}],"wp:attachment":[{"href":"https:\/\/www.nosas.no\/nb\/wp-json\/wp\/v2\/media?parent=11437"}],"wp:term":[{"taxonomy":"selskap","embeddable":true,"href":"https:\/\/www.nosas.no\/nb\/wp-json\/wp\/v2\/selskap?post=11437"}],"curies":[{"name":"wp","href":"https:\/\/api.w.org\/{rel}","templated":true}]}}