{"id":11465,"date":"2026-04-07T13:37:55","date_gmt":"2026-04-07T11:37:55","guid":{"rendered":"https:\/\/www.nosas.no\/?page_id=11465"},"modified":"2026-04-09T13:22:08","modified_gmt":"2026-04-09T11:22:08","slug":"servicemontering","status":"publish","type":"page","link":"https:\/\/www.nosas.no\/nb\/nos-energy-solutions\/service-maintenance\/","title":{"rendered":"Service og vedlikehold"},"content":{"rendered":"","protected":false},"excerpt":{"rendered":"","protected":false},"author":1,"featured_media":11488,"parent":11437,"menu_order":1,"comment_status":"closed","ping_status":"closed","template":"","meta":{"_acf_changed":false,"footnotes":""},"selskap":[49],"class_list":["post-11465","page","type-page","status-publish","has-post-thumbnail","hentry","selskap-nos-energy-solutions"],"acf":[],"yoast_head":"<!-- This site is optimized with the Yoast SEO plugin v27.3 - https:\/\/yoast.com\/product\/yoast-seo-wordpress\/ -->\n<title>Service and Maintenance for Energy Systems Offshore - NOS Energy Solutions<\/title>\n<meta name=\"description\" content=\"Service and maintenance for offshore, maritime and industrial energy systems. Ensuring uptime, safety and reliable performance.\" \/>\n<meta name=\"robots\" content=\"index, follow, max-snippet:-1, max-image-preview:large, max-video-preview:-1\" \/>\n<link rel=\"canonical\" href=\"https:\/\/www.nosas.no\/nb\/nos-energilosninger\/servicemontering\/\" \/>\n<meta property=\"og:locale\" content=\"nb_NO\" \/>\n<meta property=\"og:type\" content=\"article\" \/>\n<meta property=\"og:title\" content=\"Service and Maintenance for Energy Systems Offshore - NOS Energy Solutions\" \/>\n<meta property=\"og:description\" content=\"Service and maintenance for offshore, maritime and industrial energy systems. Ensuring uptime, safety and reliable performance.\" \/>\n<meta property=\"og:url\" content=\"https:\/\/www.nosas.no\/nb\/nos-energilosninger\/servicemontering\/\" \/>\n<meta property=\"og:site_name\" content=\"NOS Group\" \/>\n<meta property=\"article:modified_time\" content=\"2026-04-09T11:22:08+00:00\" \/>\n<meta property=\"og:image\" content=\"https:\/\/www.nosas.no\/wp-content\/uploads\/2026\/04\/NOS-Energy-Solutions-3-1024x576.png\" \/>\n\t<meta property=\"og:image:width\" content=\"1024\" \/>\n\t<meta property=\"og:image:height\" content=\"576\" \/>\n\t<meta property=\"og:image:type\" content=\"image\/png\" \/>\n<meta name=\"twitter:card\" content=\"summary_large_image\" \/>\n<meta name=\"twitter:label1\" content=\"Ansl. lesetid\" \/>\n\t<meta name=\"twitter:data1\" content=\"1 minutt\" \/>\n<script type=\"application\/ld+json\" class=\"yoast-schema-graph\">{\"@context\":\"https:\\\/\\\/schema.org\",\"@graph\":[{\"@type\":\"WebPage\",\"@id\":\"https:\\\/\\\/www.nosas.no\\\/nos-energy-solutions\\\/service-maintenance\\\/\",\"url\":\"https:\\\/\\\/www.nosas.no\\\/nos-energy-solutions\\\/service-maintenance\\\/\",\"name\":\"Service and Maintenance for Energy Systems Offshore - NOS Energy Solutions\",\"isPartOf\":{\"@id\":\"https:\\\/\\\/www.nosas.no\\\/#website\"},\"primaryImageOfPage\":{\"@id\":\"https:\\\/\\\/www.nosas.no\\\/nos-energy-solutions\\\/service-maintenance\\\/#primaryimage\"},\"image\":{\"@id\":\"https:\\\/\\\/www.nosas.no\\\/nos-energy-solutions\\\/service-maintenance\\\/#primaryimage\"},\"thumbnailUrl\":\"https:\\\/\\\/www.nosas.no\\\/wp-content\\\/uploads\\\/2026\\\/04\\\/NOS-Energy-Solutions-3-scaled.png\",\"datePublished\":\"2026-04-07T11:37:55+00:00\",\"dateModified\":\"2026-04-09T11:22:08+00:00\",\"description\":\"Service and maintenance for offshore, maritime and industrial energy systems. Ensuring uptime, safety and reliable performance.\",\"breadcrumb\":{\"@id\":\"https:\\\/\\\/www.nosas.no\\\/nos-energy-solutions\\\/service-maintenance\\\/#breadcrumb\"},\"inLanguage\":\"nb-NO\",\"potentialAction\":[{\"@type\":\"ReadAction\",\"target\":[\"https:\\\/\\\/www.nosas.no\\\/nos-energy-solutions\\\/service-maintenance\\\/\"]}]},{\"@type\":\"ImageObject\",\"inLanguage\":\"nb-NO\",\"@id\":\"https:\\\/\\\/www.nosas.no\\\/nos-energy-solutions\\\/service-maintenance\\\/#primaryimage\",\"url\":\"https:\\\/\\\/www.nosas.no\\\/wp-content\\\/uploads\\\/2026\\\/04\\\/NOS-Energy-Solutions-3-scaled.png\",\"contentUrl\":\"https:\\\/\\\/www.nosas.no\\\/wp-content\\\/uploads\\\/2026\\\/04\\\/NOS-Energy-Solutions-3-scaled.png\",\"width\":2560,\"height\":1440},{\"@type\":\"BreadcrumbList\",\"@id\":\"https:\\\/\\\/www.nosas.no\\\/nos-energy-solutions\\\/service-maintenance\\\/#breadcrumb\",\"itemListElement\":[{\"@type\":\"ListItem\",\"position\":1,\"name\":\"Home\",\"item\":\"https:\\\/\\\/www.nosas.no\\\/\"},{\"@type\":\"ListItem\",\"position\":2,\"name\":\"NOS Energy Solutions\",\"item\":\"https:\\\/\\\/www.nosas.no\\\/nos-energy-solutions\\\/\"},{\"@type\":\"ListItem\",\"position\":3,\"name\":\"Service &#038; Maintenance\"}]},{\"@type\":\"WebSite\",\"@id\":\"https:\\\/\\\/www.nosas.no\\\/#website\",\"url\":\"https:\\\/\\\/www.nosas.no\\\/\",\"name\":\"NOS Group\",\"description\":\"We connect specialised companies to deliver smarter, seamless solutions.\",\"potentialAction\":[{\"@type\":\"SearchAction\",\"target\":{\"@type\":\"EntryPoint\",\"urlTemplate\":\"https:\\\/\\\/www.nosas.no\\\/?s={search_term_string}\"},\"query-input\":{\"@type\":\"PropertyValueSpecification\",\"valueRequired\":true,\"valueName\":\"search_term_string\"}}],\"inLanguage\":\"nb-NO\"}]}<\/script>\n<!-- \/ Yoast SEO plugin. -->","yoast_head_json":{"title":"Service og vedlikehold for energisystemer offshore - NOS Energy Solutions","description":"Service og vedlikehold for offshore-, maritim- og industrielle energisystemer. Sikrer oppetid, sikkerhet og p\u00e5litelig ytelse.","robots":{"index":"index","follow":"follow","max-snippet":"max-snippet:-1","max-image-preview":"max-image-preview:large","max-video-preview":"max-video-preview:-1"},"canonical":"https:\/\/www.nosas.no\/nb\/nos-energilosninger\/servicemontering\/","og_locale":"nb_NO","og_type":"article","og_title":"Service and Maintenance for Energy Systems Offshore - NOS Energy Solutions","og_description":"Service and maintenance for offshore, maritime and industrial energy systems. Ensuring uptime, safety and reliable performance.","og_url":"https:\/\/www.nosas.no\/nb\/nos-energilosninger\/servicemontering\/","og_site_name":"NOS Group","article_modified_time":"2026-04-09T11:22:08+00:00","og_image":[{"width":1024,"height":576,"url":"https:\/\/www.nosas.no\/wp-content\/uploads\/2026\/04\/NOS-Energy-Solutions-3-1024x576.png","type":"image\/png"}],"twitter_card":"summary_large_image","twitter_misc":{"Ansl. lesetid":"1 minutt"},"schema":{"@context":"https:\/\/schema.org","@graph":[{"@type":"WebPage","@id":"https:\/\/www.nosas.no\/nos-energy-solutions\/service-maintenance\/","url":"https:\/\/www.nosas.no\/nos-energy-solutions\/service-maintenance\/","name":"Service og vedlikehold for energisystemer offshore - NOS Energy Solutions","isPartOf":{"@id":"https:\/\/www.nosas.no\/#website"},"primaryImageOfPage":{"@id":"https:\/\/www.nosas.no\/nos-energy-solutions\/service-maintenance\/#primaryimage"},"image":{"@id":"https:\/\/www.nosas.no\/nos-energy-solutions\/service-maintenance\/#primaryimage"},"thumbnailUrl":"https:\/\/www.nosas.no\/wp-content\/uploads\/2026\/04\/NOS-Energy-Solutions-3-scaled.png","datePublished":"2026-04-07T11:37:55+00:00","dateModified":"2026-04-09T11:22:08+00:00","description":"Service og vedlikehold for offshore-, maritim- og industrielle energisystemer. Sikrer oppetid, sikkerhet og p\u00e5litelig ytelse.","breadcrumb":{"@id":"https:\/\/www.nosas.no\/nos-energy-solutions\/service-maintenance\/#breadcrumb"},"inLanguage":"nb-NO","potentialAction":[{"@type":"ReadAction","target":["https:\/\/www.nosas.no\/nos-energy-solutions\/service-maintenance\/"]}]},{"@type":"ImageObject","inLanguage":"nb-NO","@id":"https:\/\/www.nosas.no\/nos-energy-solutions\/service-maintenance\/#primaryimage","url":"https:\/\/www.nosas.no\/wp-content\/uploads\/2026\/04\/NOS-Energy-Solutions-3-scaled.png","contentUrl":"https:\/\/www.nosas.no\/wp-content\/uploads\/2026\/04\/NOS-Energy-Solutions-3-scaled.png","width":2560,"height":1440},{"@type":"BreadcrumbList","@id":"https:\/\/www.nosas.no\/nos-energy-solutions\/service-maintenance\/#breadcrumb","itemListElement":[{"@type":"ListItem","position":1,"name":"Home","item":"https:\/\/www.nosas.no\/"},{"@type":"ListItem","position":2,"name":"NOS Energy Solutions","item":"https:\/\/www.nosas.no\/nos-energy-solutions\/"},{"@type":"ListItem","position":3,"name":"Service &#038; Maintenance"}]},{"@type":"WebSite","@id":"https:\/\/www.nosas.no\/#website","url":"https:\/\/www.nosas.no\/","name":"NOS Group","description":"Vi kobler sammen spesialiserte selskaper for \u00e5 levere smartere, s\u00f8ml\u00f8se l\u00f8sninger.","potentialAction":[{"@type":"SearchAction","target":{"@type":"EntryPoint","urlTemplate":"https:\/\/www.nosas.no\/?s={search_term_string}"},"query-input":{"@type":"PropertyValueSpecification","valueRequired":true,"valueName":"search_term_string"}}],"inLanguage":"nb-NO"}]}},"_links":{"self":[{"href":"https:\/\/www.nosas.no\/nb\/wp-json\/wp\/v2\/pages\/11465","targetHints":{"allow":["GET"]}}],"collection":[{"href":"https:\/\/www.nosas.no\/nb\/wp-json\/wp\/v2\/pages"}],"about":[{"href":"https:\/\/www.nosas.no\/nb\/wp-json\/wp\/v2\/types\/page"}],"author":[{"embeddable":true,"href":"https:\/\/www.nosas.no\/nb\/wp-json\/wp\/v2\/users\/1"}],"replies":[{"embeddable":true,"href":"https:\/\/www.nosas.no\/nb\/wp-json\/wp\/v2\/comments?post=11465"}],"version-history":[{"count":11,"href":"https:\/\/www.nosas.no\/nb\/wp-json\/wp\/v2\/pages\/11465\/revisions"}],"predecessor-version":[{"id":11516,"href":"https:\/\/www.nosas.no\/nb\/wp-json\/wp\/v2\/pages\/11465\/revisions\/11516"}],"up":[{"embeddable":true,"href":"https:\/\/www.nosas.no\/nb\/wp-json\/wp\/v2\/pages\/11437"}],"wp:featuredmedia":[{"embeddable":true,"href":"https:\/\/www.nosas.no\/nb\/wp-json\/wp\/v2\/media\/11488"}],"wp:attachment":[{"href":"https:\/\/www.nosas.no\/nb\/wp-json\/wp\/v2\/media?parent=11465"}],"wp:term":[{"taxonomy":"selskap","embeddable":true,"href":"https:\/\/www.nosas.no\/nb\/wp-json\/wp\/v2\/selskap?post=11465"}],"curies":[{"name":"wp","href":"https:\/\/api.w.org\/{rel}","templated":true}]}}