{"id":11467,"date":"2026-04-07T13:41:00","date_gmt":"2026-04-07T11:41:00","guid":{"rendered":"https:\/\/www.nosas.no\/?page_id=11467"},"modified":"2026-04-09T13:20:11","modified_gmt":"2026-04-09T11:20:11","slug":"landstromsanlegg","status":"publish","type":"page","link":"https:\/\/www.nosas.no\/nb\/nos-energy-solutions\/shore-power-systems\/","title":{"rendered":"Landstr\u00f8m"},"content":{"rendered":"","protected":false},"excerpt":{"rendered":"","protected":false},"author":1,"featured_media":11490,"parent":11437,"menu_order":2,"comment_status":"closed","ping_status":"closed","template":"","meta":{"_acf_changed":false,"footnotes":""},"selskap":[49],"class_list":["post-11467","page","type-page","status-publish","has-post-thumbnail","hentry","selskap-nos-energy-solutions"],"acf":[],"yoast_head":"<!-- This site is optimized with the Yoast SEO plugin v27.3 - https:\/\/yoast.com\/product\/yoast-seo-wordpress\/ -->\n<title>Shore Power for Offshore and Ports - NOS Energy Solutions<\/title>\n<meta name=\"description\" content=\"Reduce emissions and fuel consumption with shore power systems for offshore operations, ports and industrial facilities.\" \/>\n<meta name=\"robots\" content=\"index, follow, max-snippet:-1, max-image-preview:large, max-video-preview:-1\" \/>\n<link rel=\"canonical\" href=\"https:\/\/www.nosas.no\/nb\/nos-energilosninger\/landstromsanlegg\/\" \/>\n<meta property=\"og:locale\" content=\"nb_NO\" \/>\n<meta property=\"og:type\" content=\"article\" \/>\n<meta property=\"og:title\" content=\"Shore Power for Offshore and Ports - NOS Energy Solutions\" \/>\n<meta property=\"og:description\" content=\"Reduce emissions and fuel consumption with shore power systems for offshore operations, ports and industrial facilities.\" \/>\n<meta property=\"og:url\" content=\"https:\/\/www.nosas.no\/nb\/nos-energilosninger\/landstromsanlegg\/\" \/>\n<meta property=\"og:site_name\" content=\"NOS Group\" \/>\n<meta property=\"article:modified_time\" content=\"2026-04-09T11:20:11+00:00\" \/>\n<meta property=\"og:image\" content=\"https:\/\/www.nosas.no\/wp-content\/uploads\/2026\/04\/HERO-HOME-without-filter-scaled.jpg\" \/>\n\t<meta property=\"og:image:width\" content=\"2560\" \/>\n\t<meta property=\"og:image:height\" content=\"1440\" \/>\n\t<meta property=\"og:image:type\" content=\"image\/jpeg\" \/>\n<meta name=\"twitter:card\" content=\"summary_large_image\" \/>\n<meta name=\"twitter:label1\" content=\"Ansl. lesetid\" \/>\n\t<meta name=\"twitter:data1\" content=\"1 minutt\" \/>\n<script type=\"application\/ld+json\" class=\"yoast-schema-graph\">{\"@context\":\"https:\\\/\\\/schema.org\",\"@graph\":[{\"@type\":\"WebPage\",\"@id\":\"https:\\\/\\\/www.nosas.no\\\/nos-energy-solutions\\\/shore-power-systems\\\/\",\"url\":\"https:\\\/\\\/www.nosas.no\\\/nos-energy-solutions\\\/shore-power-systems\\\/\",\"name\":\"Shore Power for Offshore and Ports - NOS Energy Solutions\",\"isPartOf\":{\"@id\":\"https:\\\/\\\/www.nosas.no\\\/#website\"},\"primaryImageOfPage\":{\"@id\":\"https:\\\/\\\/www.nosas.no\\\/nos-energy-solutions\\\/shore-power-systems\\\/#primaryimage\"},\"image\":{\"@id\":\"https:\\\/\\\/www.nosas.no\\\/nos-energy-solutions\\\/shore-power-systems\\\/#primaryimage\"},\"thumbnailUrl\":\"https:\\\/\\\/www.nosas.no\\\/wp-content\\\/uploads\\\/2026\\\/04\\\/HERO-HOME-without-filter-scaled.jpg\",\"datePublished\":\"2026-04-07T11:41:00+00:00\",\"dateModified\":\"2026-04-09T11:20:11+00:00\",\"description\":\"Reduce emissions and fuel consumption with shore power systems for offshore operations, ports and industrial facilities.\",\"breadcrumb\":{\"@id\":\"https:\\\/\\\/www.nosas.no\\\/nos-energy-solutions\\\/shore-power-systems\\\/#breadcrumb\"},\"inLanguage\":\"nb-NO\",\"potentialAction\":[{\"@type\":\"ReadAction\",\"target\":[\"https:\\\/\\\/www.nosas.no\\\/nos-energy-solutions\\\/shore-power-systems\\\/\"]}]},{\"@type\":\"ImageObject\",\"inLanguage\":\"nb-NO\",\"@id\":\"https:\\\/\\\/www.nosas.no\\\/nos-energy-solutions\\\/shore-power-systems\\\/#primaryimage\",\"url\":\"https:\\\/\\\/www.nosas.no\\\/wp-content\\\/uploads\\\/2026\\\/04\\\/HERO-HOME-without-filter-scaled.jpg\",\"contentUrl\":\"https:\\\/\\\/www.nosas.no\\\/wp-content\\\/uploads\\\/2026\\\/04\\\/HERO-HOME-without-filter-scaled.jpg\",\"width\":2560,\"height\":1440},{\"@type\":\"BreadcrumbList\",\"@id\":\"https:\\\/\\\/www.nosas.no\\\/nos-energy-solutions\\\/shore-power-systems\\\/#breadcrumb\",\"itemListElement\":[{\"@type\":\"ListItem\",\"position\":1,\"name\":\"Home\",\"item\":\"https:\\\/\\\/www.nosas.no\\\/\"},{\"@type\":\"ListItem\",\"position\":2,\"name\":\"NOS Energy Solutions\",\"item\":\"https:\\\/\\\/www.nosas.no\\\/nos-energy-solutions\\\/\"},{\"@type\":\"ListItem\",\"position\":3,\"name\":\"Shore Power\"}]},{\"@type\":\"WebSite\",\"@id\":\"https:\\\/\\\/www.nosas.no\\\/#website\",\"url\":\"https:\\\/\\\/www.nosas.no\\\/\",\"name\":\"NOS Group\",\"description\":\"We connect specialised companies to deliver smarter, seamless solutions.\",\"potentialAction\":[{\"@type\":\"SearchAction\",\"target\":{\"@type\":\"EntryPoint\",\"urlTemplate\":\"https:\\\/\\\/www.nosas.no\\\/?s={search_term_string}\"},\"query-input\":{\"@type\":\"PropertyValueSpecification\",\"valueRequired\":true,\"valueName\":\"search_term_string\"}}],\"inLanguage\":\"nb-NO\"}]}<\/script>\n<!-- \/ Yoast SEO plugin. -->","yoast_head_json":{"title":"Landstr\u00f8m for offshore og havner - NOS Energy Solutions","description":"Reduser utslipp og drivstofforbruk med landstr\u00f8msanlegg for offshoreoperasjoner, havner og industrianlegg.","robots":{"index":"index","follow":"follow","max-snippet":"max-snippet:-1","max-image-preview":"max-image-preview:large","max-video-preview":"max-video-preview:-1"},"canonical":"https:\/\/www.nosas.no\/nb\/nos-energilosninger\/landstromsanlegg\/","og_locale":"nb_NO","og_type":"article","og_title":"Shore Power for Offshore and Ports - NOS Energy Solutions","og_description":"Reduce emissions and fuel consumption with shore power systems for offshore operations, ports and industrial facilities.","og_url":"https:\/\/www.nosas.no\/nb\/nos-energilosninger\/landstromsanlegg\/","og_site_name":"NOS Group","article_modified_time":"2026-04-09T11:20:11+00:00","og_image":[{"width":2560,"height":1440,"url":"https:\/\/www.nosas.no\/wp-content\/uploads\/2026\/04\/HERO-HOME-without-filter-scaled.jpg","type":"image\/jpeg"}],"twitter_card":"summary_large_image","twitter_misc":{"Ansl. lesetid":"1 minutt"},"schema":{"@context":"https:\/\/schema.org","@graph":[{"@type":"WebPage","@id":"https:\/\/www.nosas.no\/nos-energy-solutions\/shore-power-systems\/","url":"https:\/\/www.nosas.no\/nos-energy-solutions\/shore-power-systems\/","name":"Landstr\u00f8m for offshore og havner - NOS Energy Solutions","isPartOf":{"@id":"https:\/\/www.nosas.no\/#website"},"primaryImageOfPage":{"@id":"https:\/\/www.nosas.no\/nos-energy-solutions\/shore-power-systems\/#primaryimage"},"image":{"@id":"https:\/\/www.nosas.no\/nos-energy-solutions\/shore-power-systems\/#primaryimage"},"thumbnailUrl":"https:\/\/www.nosas.no\/wp-content\/uploads\/2026\/04\/HERO-HOME-without-filter-scaled.jpg","datePublished":"2026-04-07T11:41:00+00:00","dateModified":"2026-04-09T11:20:11+00:00","description":"Reduser utslipp og drivstofforbruk med landstr\u00f8msanlegg for offshoreoperasjoner, havner og industrianlegg.","breadcrumb":{"@id":"https:\/\/www.nosas.no\/nos-energy-solutions\/shore-power-systems\/#breadcrumb"},"inLanguage":"nb-NO","potentialAction":[{"@type":"ReadAction","target":["https:\/\/www.nosas.no\/nos-energy-solutions\/shore-power-systems\/"]}]},{"@type":"ImageObject","inLanguage":"nb-NO","@id":"https:\/\/www.nosas.no\/nos-energy-solutions\/shore-power-systems\/#primaryimage","url":"https:\/\/www.nosas.no\/wp-content\/uploads\/2026\/04\/HERO-HOME-without-filter-scaled.jpg","contentUrl":"https:\/\/www.nosas.no\/wp-content\/uploads\/2026\/04\/HERO-HOME-without-filter-scaled.jpg","width":2560,"height":1440},{"@type":"BreadcrumbList","@id":"https:\/\/www.nosas.no\/nos-energy-solutions\/shore-power-systems\/#breadcrumb","itemListElement":[{"@type":"ListItem","position":1,"name":"Home","item":"https:\/\/www.nosas.no\/"},{"@type":"ListItem","position":2,"name":"NOS Energy Solutions","item":"https:\/\/www.nosas.no\/nos-energy-solutions\/"},{"@type":"ListItem","position":3,"name":"Shore Power"}]},{"@type":"WebSite","@id":"https:\/\/www.nosas.no\/#website","url":"https:\/\/www.nosas.no\/","name":"NOS Group","description":"Vi kobler sammen spesialiserte selskaper for \u00e5 levere smartere, s\u00f8ml\u00f8se l\u00f8sninger.","potentialAction":[{"@type":"SearchAction","target":{"@type":"EntryPoint","urlTemplate":"https:\/\/www.nosas.no\/?s={search_term_string}"},"query-input":{"@type":"PropertyValueSpecification","valueRequired":true,"valueName":"search_term_string"}}],"inLanguage":"nb-NO"}]}},"_links":{"self":[{"href":"https:\/\/www.nosas.no\/nb\/wp-json\/wp\/v2\/pages\/11467","targetHints":{"allow":["GET"]}}],"collection":[{"href":"https:\/\/www.nosas.no\/nb\/wp-json\/wp\/v2\/pages"}],"about":[{"href":"https:\/\/www.nosas.no\/nb\/wp-json\/wp\/v2\/types\/page"}],"author":[{"embeddable":true,"href":"https:\/\/www.nosas.no\/nb\/wp-json\/wp\/v2\/users\/1"}],"replies":[{"embeddable":true,"href":"https:\/\/www.nosas.no\/nb\/wp-json\/wp\/v2\/comments?post=11467"}],"version-history":[{"count":8,"href":"https:\/\/www.nosas.no\/nb\/wp-json\/wp\/v2\/pages\/11467\/revisions"}],"predecessor-version":[{"id":11514,"href":"https:\/\/www.nosas.no\/nb\/wp-json\/wp\/v2\/pages\/11467\/revisions\/11514"}],"up":[{"embeddable":true,"href":"https:\/\/www.nosas.no\/nb\/wp-json\/wp\/v2\/pages\/11437"}],"wp:featuredmedia":[{"embeddable":true,"href":"https:\/\/www.nosas.no\/nb\/wp-json\/wp\/v2\/media\/11490"}],"wp:attachment":[{"href":"https:\/\/www.nosas.no\/nb\/wp-json\/wp\/v2\/media?parent=11467"}],"wp:term":[{"taxonomy":"selskap","embeddable":true,"href":"https:\/\/www.nosas.no\/nb\/wp-json\/wp\/v2\/selskap?post=11467"}],"curies":[{"name":"wp","href":"https:\/\/api.w.org\/{rel}","templated":true}]}}