{"id":1370,"date":"2025-10-30T13:13:22","date_gmt":"2025-10-30T12:13:22","guid":{"rendered":"https:\/\/www-nosas.wp1.hcweb.dev\/?page_id=1370"},"modified":"2025-12-09T15:28:05","modified_gmt":"2025-12-09T14:28:05","slug":"prosjektlosninger","status":"publish","type":"page","link":"https:\/\/www.nosas.no\/nb\/nos-technology\/projekt-solutions\/","title":{"rendered":"Produkter og l\u00f8sninger"},"content":{"rendered":"","protected":false},"excerpt":{"rendered":"","protected":false},"author":2,"featured_media":1539,"parent":183,"menu_order":21,"comment_status":"closed","ping_status":"closed","template":"","meta":{"_acf_changed":false,"footnotes":""},"selskap":[6],"class_list":["post-1370","page","type-page","status-publish","has-post-thumbnail","hentry","selskap-nos-technology"],"acf":[],"yoast_head":"<!-- This site is optimized with the Yoast SEO plugin v27.5 - https:\/\/yoast.com\/product\/yoast-seo-wordpress\/ -->\n<title>Products &amp; Solutions - NOS Group<\/title>\n<meta name=\"robots\" content=\"index, follow, max-snippet:-1, max-image-preview:large, max-video-preview:-1\" \/>\n<link rel=\"canonical\" href=\"https:\/\/www.nosas.no\/nb\/nos-technology\/prosjektlosninger\/\" \/>\n<meta property=\"og:locale\" content=\"nb_NO\" \/>\n<meta property=\"og:type\" content=\"article\" \/>\n<meta property=\"og:title\" content=\"Products &amp; Solutions - NOS Group\" \/>\n<meta property=\"og:url\" content=\"https:\/\/www.nosas.no\/nb\/nos-technology\/prosjektlosninger\/\" \/>\n<meta property=\"og:site_name\" content=\"NOS Group\" \/>\n<meta property=\"article:modified_time\" content=\"2025-12-09T14:28:05+00:00\" \/>\n<meta property=\"og:image\" content=\"https:\/\/www.nosas.no\/wp-content\/uploads\/2025\/12\/Blue-Modern-Collage-LinkedIn-Post.jpg\" \/>\n\t<meta property=\"og:image:width\" content=\"900\" \/>\n\t<meta property=\"og:image:height\" content=\"900\" \/>\n\t<meta property=\"og:image:type\" content=\"image\/jpeg\" \/>\n<meta name=\"twitter:card\" content=\"summary_large_image\" \/>\n<meta name=\"twitter:label1\" content=\"Ansl. lesetid\" \/>\n\t<meta name=\"twitter:data1\" content=\"1 minutt\" \/>\n<script type=\"application\/ld+json\" class=\"yoast-schema-graph\">{\"@context\":\"https:\\\/\\\/schema.org\",\"@graph\":[{\"@type\":\"WebPage\",\"@id\":\"https:\\\/\\\/www.nosas.no\\\/nos-technology\\\/projekt-solutions\\\/\",\"url\":\"https:\\\/\\\/www.nosas.no\\\/nos-technology\\\/projekt-solutions\\\/\",\"name\":\"Products & Solutions - NOS Group\",\"isPartOf\":{\"@id\":\"https:\\\/\\\/www.nosas.no\\\/#website\"},\"primaryImageOfPage\":{\"@id\":\"https:\\\/\\\/www.nosas.no\\\/nos-technology\\\/projekt-solutions\\\/#primaryimage\"},\"image\":{\"@id\":\"https:\\\/\\\/www.nosas.no\\\/nos-technology\\\/projekt-solutions\\\/#primaryimage\"},\"thumbnailUrl\":\"https:\\\/\\\/www.nosas.no\\\/wp-content\\\/uploads\\\/2025\\\/12\\\/Blue-Modern-Collage-LinkedIn-Post.jpg\",\"datePublished\":\"2025-10-30T12:13:22+00:00\",\"dateModified\":\"2025-12-09T14:28:05+00:00\",\"breadcrumb\":{\"@id\":\"https:\\\/\\\/www.nosas.no\\\/nos-technology\\\/projekt-solutions\\\/#breadcrumb\"},\"inLanguage\":\"nb-NO\",\"potentialAction\":[{\"@type\":\"ReadAction\",\"target\":[\"https:\\\/\\\/www.nosas.no\\\/nos-technology\\\/projekt-solutions\\\/\"]}]},{\"@type\":\"ImageObject\",\"inLanguage\":\"nb-NO\",\"@id\":\"https:\\\/\\\/www.nosas.no\\\/nos-technology\\\/projekt-solutions\\\/#primaryimage\",\"url\":\"https:\\\/\\\/www.nosas.no\\\/wp-content\\\/uploads\\\/2025\\\/12\\\/Blue-Modern-Collage-LinkedIn-Post.jpg\",\"contentUrl\":\"https:\\\/\\\/www.nosas.no\\\/wp-content\\\/uploads\\\/2025\\\/12\\\/Blue-Modern-Collage-LinkedIn-Post.jpg\",\"width\":900,\"height\":900},{\"@type\":\"BreadcrumbList\",\"@id\":\"https:\\\/\\\/www.nosas.no\\\/nos-technology\\\/projekt-solutions\\\/#breadcrumb\",\"itemListElement\":[{\"@type\":\"ListItem\",\"position\":1,\"name\":\"Home\",\"item\":\"https:\\\/\\\/www.nosas.no\\\/\"},{\"@type\":\"ListItem\",\"position\":2,\"name\":\"NOS Technology\",\"item\":\"https:\\\/\\\/www.nosas.no\\\/nos-technology\\\/\"},{\"@type\":\"ListItem\",\"position\":3,\"name\":\"Products &#038; Solutions\"}]},{\"@type\":\"WebSite\",\"@id\":\"https:\\\/\\\/www.nosas.no\\\/#website\",\"url\":\"https:\\\/\\\/www.nosas.no\\\/\",\"name\":\"NOS Group\",\"description\":\"We connect specialised companies to deliver smarter, seamless solutions.\",\"potentialAction\":[{\"@type\":\"SearchAction\",\"target\":{\"@type\":\"EntryPoint\",\"urlTemplate\":\"https:\\\/\\\/www.nosas.no\\\/?s={search_term_string}\"},\"query-input\":{\"@type\":\"PropertyValueSpecification\",\"valueRequired\":true,\"valueName\":\"search_term_string\"}}],\"inLanguage\":\"nb-NO\"}]}<\/script>\n<!-- \/ Yoast SEO plugin. -->","yoast_head_json":{"title":"Produkter og l\u00f8sninger - NOS Group","robots":{"index":"index","follow":"follow","max-snippet":"max-snippet:-1","max-image-preview":"max-image-preview:large","max-video-preview":"max-video-preview:-1"},"canonical":"https:\/\/www.nosas.no\/nb\/nos-technology\/prosjektlosninger\/","og_locale":"nb_NO","og_type":"article","og_title":"Products & Solutions - NOS Group","og_url":"https:\/\/www.nosas.no\/nb\/nos-technology\/prosjektlosninger\/","og_site_name":"NOS Group","article_modified_time":"2025-12-09T14:28:05+00:00","og_image":[{"width":900,"height":900,"url":"https:\/\/www.nosas.no\/wp-content\/uploads\/2025\/12\/Blue-Modern-Collage-LinkedIn-Post.jpg","type":"image\/jpeg"}],"twitter_card":"summary_large_image","twitter_misc":{"Ansl. lesetid":"1 minutt"},"schema":{"@context":"https:\/\/schema.org","@graph":[{"@type":"WebPage","@id":"https:\/\/www.nosas.no\/nos-technology\/projekt-solutions\/","url":"https:\/\/www.nosas.no\/nos-technology\/projekt-solutions\/","name":"Produkter og l\u00f8sninger - NOS Group","isPartOf":{"@id":"https:\/\/www.nosas.no\/#website"},"primaryImageOfPage":{"@id":"https:\/\/www.nosas.no\/nos-technology\/projekt-solutions\/#primaryimage"},"image":{"@id":"https:\/\/www.nosas.no\/nos-technology\/projekt-solutions\/#primaryimage"},"thumbnailUrl":"https:\/\/www.nosas.no\/wp-content\/uploads\/2025\/12\/Blue-Modern-Collage-LinkedIn-Post.jpg","datePublished":"2025-10-30T12:13:22+00:00","dateModified":"2025-12-09T14:28:05+00:00","breadcrumb":{"@id":"https:\/\/www.nosas.no\/nos-technology\/projekt-solutions\/#breadcrumb"},"inLanguage":"nb-NO","potentialAction":[{"@type":"ReadAction","target":["https:\/\/www.nosas.no\/nos-technology\/projekt-solutions\/"]}]},{"@type":"ImageObject","inLanguage":"nb-NO","@id":"https:\/\/www.nosas.no\/nos-technology\/projekt-solutions\/#primaryimage","url":"https:\/\/www.nosas.no\/wp-content\/uploads\/2025\/12\/Blue-Modern-Collage-LinkedIn-Post.jpg","contentUrl":"https:\/\/www.nosas.no\/wp-content\/uploads\/2025\/12\/Blue-Modern-Collage-LinkedIn-Post.jpg","width":900,"height":900},{"@type":"BreadcrumbList","@id":"https:\/\/www.nosas.no\/nos-technology\/projekt-solutions\/#breadcrumb","itemListElement":[{"@type":"ListItem","position":1,"name":"Home","item":"https:\/\/www.nosas.no\/"},{"@type":"ListItem","position":2,"name":"NOS Technology","item":"https:\/\/www.nosas.no\/nos-technology\/"},{"@type":"ListItem","position":3,"name":"Products &#038; Solutions"}]},{"@type":"WebSite","@id":"https:\/\/www.nosas.no\/#website","url":"https:\/\/www.nosas.no\/","name":"NOS Group","description":"Vi kobler sammen spesialiserte selskaper for \u00e5 levere smartere, s\u00f8ml\u00f8se l\u00f8sninger.","potentialAction":[{"@type":"SearchAction","target":{"@type":"EntryPoint","urlTemplate":"https:\/\/www.nosas.no\/?s={search_term_string}"},"query-input":{"@type":"PropertyValueSpecification","valueRequired":true,"valueName":"search_term_string"}}],"inLanguage":"nb-NO"}]}},"_links":{"self":[{"href":"https:\/\/www.nosas.no\/nb\/wp-json\/wp\/v2\/pages\/1370","targetHints":{"allow":["GET"]}}],"collection":[{"href":"https:\/\/www.nosas.no\/nb\/wp-json\/wp\/v2\/pages"}],"about":[{"href":"https:\/\/www.nosas.no\/nb\/wp-json\/wp\/v2\/types\/page"}],"author":[{"embeddable":true,"href":"https:\/\/www.nosas.no\/nb\/wp-json\/wp\/v2\/users\/2"}],"replies":[{"embeddable":true,"href":"https:\/\/www.nosas.no\/nb\/wp-json\/wp\/v2\/comments?post=1370"}],"version-history":[{"count":12,"href":"https:\/\/www.nosas.no\/nb\/wp-json\/wp\/v2\/pages\/1370\/revisions"}],"predecessor-version":[{"id":1769,"href":"https:\/\/www.nosas.no\/nb\/wp-json\/wp\/v2\/pages\/1370\/revisions\/1769"}],"up":[{"embeddable":true,"href":"https:\/\/www.nosas.no\/nb\/wp-json\/wp\/v2\/pages\/183"}],"wp:featuredmedia":[{"embeddable":true,"href":"https:\/\/www.nosas.no\/nb\/wp-json\/wp\/v2\/media\/1539"}],"wp:attachment":[{"href":"https:\/\/www.nosas.no\/nb\/wp-json\/wp\/v2\/media?parent=1370"}],"wp:term":[{"taxonomy":"selskap","embeddable":true,"href":"https:\/\/www.nosas.no\/nb\/wp-json\/wp\/v2\/selskap?post=1370"}],"curies":[{"name":"wp","href":"https:\/\/api.w.org\/{rel}","templated":true}]}}