{"id":1676,"date":"2025-12-08T12:25:07","date_gmt":"2025-12-08T11:25:07","guid":{"rendered":"https:\/\/www-nosas.wp1.hcweb.dev\/?page_id=1676"},"modified":"2025-12-09T10:41:29","modified_gmt":"2025-12-09T09:41:29","slug":"apen-soknad","status":"publish","type":"page","link":"https:\/\/www.nosas.no\/nb\/career\/open-application\/","title":{"rendered":"\u00c5pne s\u00f8knad"},"content":{"rendered":"<nav id=\"breadcrumbs\" aria-label=\"Breadcrumbs\"><a href=\"https:\/\/www.nosas.no\/nb\/\">Hjem<\/a> \u00bb Open application<\/nav>","protected":false},"excerpt":{"rendered":"<p>Hjem \u00bb \u00c5pen s\u00f8knad<\/p>","protected":false},"author":1,"featured_media":0,"parent":198,"menu_order":33,"comment_status":"closed","ping_status":"closed","template":"","meta":{"_acf_changed":false,"footnotes":""},"selskap":[2],"class_list":["post-1676","page","type-page","status-publish","hentry","selskap-nos-group"],"acf":[],"yoast_head":"<!-- This site is optimized with the Yoast SEO plugin v27.5 - https:\/\/yoast.com\/product\/yoast-seo-wordpress\/ -->\n<title>Open application - NOS Group<\/title>\n<meta name=\"robots\" content=\"index, follow, max-snippet:-1, max-image-preview:large, max-video-preview:-1\" \/>\n<link rel=\"canonical\" href=\"https:\/\/www.nosas.no\/nb\/karriere\/apen-soknad\/\" \/>\n<meta property=\"og:locale\" content=\"nb_NO\" \/>\n<meta property=\"og:type\" content=\"article\" \/>\n<meta property=\"og:title\" content=\"Open application - NOS Group\" \/>\n<meta property=\"og:description\" content=\"Home \u00bb Open application\" \/>\n<meta property=\"og:url\" content=\"https:\/\/www.nosas.no\/nb\/karriere\/apen-soknad\/\" \/>\n<meta property=\"og:site_name\" content=\"NOS Group\" \/>\n<meta property=\"article:modified_time\" content=\"2025-12-09T09:41:29+00:00\" \/>\n<meta name=\"twitter:card\" content=\"summary_large_image\" \/>\n<script type=\"application\/ld+json\" class=\"yoast-schema-graph\">{\"@context\":\"https:\\\/\\\/schema.org\",\"@graph\":[{\"@type\":\"WebPage\",\"@id\":\"https:\\\/\\\/www.nosas.no\\\/career\\\/open-application\\\/\",\"url\":\"https:\\\/\\\/www.nosas.no\\\/career\\\/open-application\\\/\",\"name\":\"Open application - NOS Group\",\"isPartOf\":{\"@id\":\"https:\\\/\\\/www.nosas.no\\\/#website\"},\"datePublished\":\"2025-12-08T11:25:07+00:00\",\"dateModified\":\"2025-12-09T09:41:29+00:00\",\"breadcrumb\":{\"@id\":\"https:\\\/\\\/www.nosas.no\\\/career\\\/open-application\\\/#breadcrumb\"},\"inLanguage\":\"nb-NO\",\"potentialAction\":[{\"@type\":\"ReadAction\",\"target\":[\"https:\\\/\\\/www.nosas.no\\\/career\\\/open-application\\\/\"]}]},{\"@type\":\"BreadcrumbList\",\"@id\":\"https:\\\/\\\/www.nosas.no\\\/career\\\/open-application\\\/#breadcrumb\",\"itemListElement\":[{\"@type\":\"ListItem\",\"position\":1,\"name\":\"Home\",\"item\":\"https:\\\/\\\/www.nosas.no\\\/\"},{\"@type\":\"ListItem\",\"position\":2,\"name\":\"Career\",\"item\":\"https:\\\/\\\/www.nosas.no\\\/career\\\/\"},{\"@type\":\"ListItem\",\"position\":3,\"name\":\"Open application\"}]},{\"@type\":\"WebSite\",\"@id\":\"https:\\\/\\\/www.nosas.no\\\/#website\",\"url\":\"https:\\\/\\\/www.nosas.no\\\/\",\"name\":\"NOS Group\",\"description\":\"We connect specialised companies to deliver smarter, seamless solutions.\",\"potentialAction\":[{\"@type\":\"SearchAction\",\"target\":{\"@type\":\"EntryPoint\",\"urlTemplate\":\"https:\\\/\\\/www.nosas.no\\\/?s={search_term_string}\"},\"query-input\":{\"@type\":\"PropertyValueSpecification\",\"valueRequired\":true,\"valueName\":\"search_term_string\"}}],\"inLanguage\":\"nb-NO\"}]}<\/script>\n<!-- \/ Yoast SEO plugin. -->","yoast_head_json":{"title":"\u00c5pen s\u00f8knad - NOS Group","robots":{"index":"index","follow":"follow","max-snippet":"max-snippet:-1","max-image-preview":"max-image-preview:large","max-video-preview":"max-video-preview:-1"},"canonical":"https:\/\/www.nosas.no\/nb\/karriere\/apen-soknad\/","og_locale":"nb_NO","og_type":"article","og_title":"Open application - NOS Group","og_description":"Home \u00bb Open application","og_url":"https:\/\/www.nosas.no\/nb\/karriere\/apen-soknad\/","og_site_name":"NOS Group","article_modified_time":"2025-12-09T09:41:29+00:00","twitter_card":"summary_large_image","schema":{"@context":"https:\/\/schema.org","@graph":[{"@type":"WebPage","@id":"https:\/\/www.nosas.no\/career\/open-application\/","url":"https:\/\/www.nosas.no\/career\/open-application\/","name":"\u00c5pen s\u00f8knad - NOS Group","isPartOf":{"@id":"https:\/\/www.nosas.no\/#website"},"datePublished":"2025-12-08T11:25:07+00:00","dateModified":"2025-12-09T09:41:29+00:00","breadcrumb":{"@id":"https:\/\/www.nosas.no\/career\/open-application\/#breadcrumb"},"inLanguage":"nb-NO","potentialAction":[{"@type":"ReadAction","target":["https:\/\/www.nosas.no\/career\/open-application\/"]}]},{"@type":"BreadcrumbList","@id":"https:\/\/www.nosas.no\/career\/open-application\/#breadcrumb","itemListElement":[{"@type":"ListItem","position":1,"name":"Home","item":"https:\/\/www.nosas.no\/"},{"@type":"ListItem","position":2,"name":"Career","item":"https:\/\/www.nosas.no\/career\/"},{"@type":"ListItem","position":3,"name":"Open application"}]},{"@type":"WebSite","@id":"https:\/\/www.nosas.no\/#website","url":"https:\/\/www.nosas.no\/","name":"NOS Group","description":"Vi kobler sammen spesialiserte selskaper for \u00e5 levere smartere, s\u00f8ml\u00f8se l\u00f8sninger.","potentialAction":[{"@type":"SearchAction","target":{"@type":"EntryPoint","urlTemplate":"https:\/\/www.nosas.no\/?s={search_term_string}"},"query-input":{"@type":"PropertyValueSpecification","valueRequired":true,"valueName":"search_term_string"}}],"inLanguage":"nb-NO"}]}},"_links":{"self":[{"href":"https:\/\/www.nosas.no\/nb\/wp-json\/wp\/v2\/pages\/1676","targetHints":{"allow":["GET"]}}],"collection":[{"href":"https:\/\/www.nosas.no\/nb\/wp-json\/wp\/v2\/pages"}],"about":[{"href":"https:\/\/www.nosas.no\/nb\/wp-json\/wp\/v2\/types\/page"}],"author":[{"embeddable":true,"href":"https:\/\/www.nosas.no\/nb\/wp-json\/wp\/v2\/users\/1"}],"replies":[{"embeddable":true,"href":"https:\/\/www.nosas.no\/nb\/wp-json\/wp\/v2\/comments?post=1676"}],"version-history":[{"count":5,"href":"https:\/\/www.nosas.no\/nb\/wp-json\/wp\/v2\/pages\/1676\/revisions"}],"predecessor-version":[{"id":1746,"href":"https:\/\/www.nosas.no\/nb\/wp-json\/wp\/v2\/pages\/1676\/revisions\/1746"}],"up":[{"embeddable":true,"href":"https:\/\/www.nosas.no\/nb\/wp-json\/wp\/v2\/pages\/198"}],"wp:attachment":[{"href":"https:\/\/www.nosas.no\/nb\/wp-json\/wp\/v2\/media?parent=1676"}],"wp:term":[{"taxonomy":"selskap","embeddable":true,"href":"https:\/\/www.nosas.no\/nb\/wp-json\/wp\/v2\/selskap?post=1676"}],"curies":[{"name":"wp","href":"https:\/\/api.w.org\/{rel}","templated":true}]}}