{"id":185,"date":"2025-06-25T10:37:16","date_gmt":"2025-06-25T08:37:16","guid":{"rendered":"https:\/\/www.nosas.no\/?page_id=185"},"modified":"2026-04-09T14:25:43","modified_gmt":"2026-04-09T12:25:43","slug":"nos-service","status":"publish","type":"page","link":"https:\/\/www.nosas.no\/nb\/nos-service\/","title":{"rendered":"NOS Service"},"content":{"rendered":"","protected":false},"excerpt":{"rendered":"","protected":false},"author":1,"featured_media":693,"parent":0,"menu_order":10,"comment_status":"closed","ping_status":"closed","template":"fl-theme-layout-306","meta":{"_acf_changed":false,"footnotes":""},"selskap":[7],"class_list":["post-185","page","type-page","status-publish","has-post-thumbnail","hentry","selskap-nos-service"],"acf":[],"yoast_head":"<!-- This site is optimized with the Yoast SEO plugin v27.4 - https:\/\/yoast.com\/product\/yoast-seo-wordpress\/ -->\n<title>NOS Service - NOS Group<\/title>\n<meta name=\"description\" content=\"NOS Service make operations run smoothly from installation to inspection, maintenance and repair. With decades of hands-on experience, we deliver practical, high-quality solutions for demanding industries onshore and offshore.\" \/>\n<meta name=\"robots\" content=\"index, follow, max-snippet:-1, max-image-preview:large, max-video-preview:-1\" \/>\n<link rel=\"canonical\" href=\"https:\/\/www.nosas.no\/nb\/nos-service\/\" \/>\n<meta property=\"og:locale\" content=\"nb_NO\" \/>\n<meta property=\"og:type\" content=\"article\" \/>\n<meta property=\"og:title\" content=\"NOS Service - NOS Group\" \/>\n<meta property=\"og:description\" content=\"NOS Service make operations run smoothly from installation to inspection, maintenance and repair. With decades of hands-on experience, we deliver practical, high-quality solutions for demanding industries onshore and offshore.\" \/>\n<meta property=\"og:url\" content=\"https:\/\/www.nosas.no\/nb\/nos-service\/\" \/>\n<meta property=\"og:site_name\" content=\"NOS Group\" \/>\n<meta property=\"article:modified_time\" content=\"2026-04-09T12:25:43+00:00\" \/>\n<meta property=\"og:image\" content=\"https:\/\/www.nosas.no\/wp-content\/uploads\/2025\/08\/NOS_Juni24_402-scaled.jpg\" \/>\n\t<meta property=\"og:image:width\" content=\"2560\" \/>\n\t<meta property=\"og:image:height\" content=\"1707\" \/>\n\t<meta property=\"og:image:type\" content=\"image\/jpeg\" \/>\n<meta name=\"twitter:card\" content=\"summary_large_image\" \/>\n<meta name=\"twitter:label1\" content=\"Ansl. lesetid\" \/>\n\t<meta name=\"twitter:data1\" content=\"1 minutt\" \/>\n<script type=\"application\/ld+json\" class=\"yoast-schema-graph\">{\"@context\":\"https:\\\/\\\/schema.org\",\"@graph\":[{\"@type\":\"WebPage\",\"@id\":\"https:\\\/\\\/www.nosas.no\\\/nos-service\\\/\",\"url\":\"https:\\\/\\\/www.nosas.no\\\/nos-service\\\/\",\"name\":\"NOS Service - NOS Group\",\"isPartOf\":{\"@id\":\"https:\\\/\\\/www.nosas.no\\\/#website\"},\"primaryImageOfPage\":{\"@id\":\"https:\\\/\\\/www.nosas.no\\\/nos-service\\\/#primaryimage\"},\"image\":{\"@id\":\"https:\\\/\\\/www.nosas.no\\\/nos-service\\\/#primaryimage\"},\"thumbnailUrl\":\"https:\\\/\\\/www.nosas.no\\\/wp-content\\\/uploads\\\/2025\\\/08\\\/NOS_Juni24_402-scaled.jpg\",\"datePublished\":\"2025-06-25T08:37:16+00:00\",\"dateModified\":\"2026-04-09T12:25:43+00:00\",\"description\":\"NOS Service make operations run smoothly from installation to inspection, maintenance and repair. With decades of hands-on experience, we deliver practical, high-quality solutions for demanding industries onshore and offshore.\",\"breadcrumb\":{\"@id\":\"https:\\\/\\\/www.nosas.no\\\/nos-service\\\/#breadcrumb\"},\"inLanguage\":\"nb-NO\",\"potentialAction\":[{\"@type\":\"ReadAction\",\"target\":[\"https:\\\/\\\/www.nosas.no\\\/nos-service\\\/\"]}]},{\"@type\":\"ImageObject\",\"inLanguage\":\"nb-NO\",\"@id\":\"https:\\\/\\\/www.nosas.no\\\/nos-service\\\/#primaryimage\",\"url\":\"https:\\\/\\\/www.nosas.no\\\/wp-content\\\/uploads\\\/2025\\\/08\\\/NOS_Juni24_402-scaled.jpg\",\"contentUrl\":\"https:\\\/\\\/www.nosas.no\\\/wp-content\\\/uploads\\\/2025\\\/08\\\/NOS_Juni24_402-scaled.jpg\",\"width\":2560,\"height\":1707},{\"@type\":\"BreadcrumbList\",\"@id\":\"https:\\\/\\\/www.nosas.no\\\/nos-service\\\/#breadcrumb\",\"itemListElement\":[{\"@type\":\"ListItem\",\"position\":1,\"name\":\"Home\",\"item\":\"https:\\\/\\\/www.nosas.no\\\/\"},{\"@type\":\"ListItem\",\"position\":2,\"name\":\"NOS Service\"}]},{\"@type\":\"WebSite\",\"@id\":\"https:\\\/\\\/www.nosas.no\\\/#website\",\"url\":\"https:\\\/\\\/www.nosas.no\\\/\",\"name\":\"NOS Group\",\"description\":\"We connect specialised companies to deliver smarter, seamless solutions.\",\"potentialAction\":[{\"@type\":\"SearchAction\",\"target\":{\"@type\":\"EntryPoint\",\"urlTemplate\":\"https:\\\/\\\/www.nosas.no\\\/?s={search_term_string}\"},\"query-input\":{\"@type\":\"PropertyValueSpecification\",\"valueRequired\":true,\"valueName\":\"search_term_string\"}}],\"inLanguage\":\"nb-NO\"}]}<\/script>\n<!-- \/ Yoast SEO plugin. -->","yoast_head_json":{"title":"NOS Service - NOS Group","description":"NOS Service s\u00f8rger for at driften g\u00e5r s\u00f8ml\u00f8st fra installasjon til inspeksjon, vedlikehold og reparasjon. Med ti\u00e5r med praktisk erfaring leverer vi praktiske l\u00f8sninger av h\u00f8y kvalitet for krevende bransjer p\u00e5 land og til havs.","robots":{"index":"index","follow":"follow","max-snippet":"max-snippet:-1","max-image-preview":"max-image-preview:large","max-video-preview":"max-video-preview:-1"},"canonical":"https:\/\/www.nosas.no\/nb\/nos-service\/","og_locale":"nb_NO","og_type":"article","og_title":"NOS Service - NOS Group","og_description":"NOS Service make operations run smoothly from installation to inspection, maintenance and repair. With decades of hands-on experience, we deliver practical, high-quality solutions for demanding industries onshore and offshore.","og_url":"https:\/\/www.nosas.no\/nb\/nos-service\/","og_site_name":"NOS Group","article_modified_time":"2026-04-09T12:25:43+00:00","og_image":[{"width":2560,"height":1707,"url":"https:\/\/www.nosas.no\/wp-content\/uploads\/2025\/08\/NOS_Juni24_402-scaled.jpg","type":"image\/jpeg"}],"twitter_card":"summary_large_image","twitter_misc":{"Ansl. lesetid":"1 minutt"},"schema":{"@context":"https:\/\/schema.org","@graph":[{"@type":"WebPage","@id":"https:\/\/www.nosas.no\/nos-service\/","url":"https:\/\/www.nosas.no\/nos-service\/","name":"NOS Service - NOS Group","isPartOf":{"@id":"https:\/\/www.nosas.no\/#website"},"primaryImageOfPage":{"@id":"https:\/\/www.nosas.no\/nos-service\/#primaryimage"},"image":{"@id":"https:\/\/www.nosas.no\/nos-service\/#primaryimage"},"thumbnailUrl":"https:\/\/www.nosas.no\/wp-content\/uploads\/2025\/08\/NOS_Juni24_402-scaled.jpg","datePublished":"2025-06-25T08:37:16+00:00","dateModified":"2026-04-09T12:25:43+00:00","description":"NOS Service s\u00f8rger for at driften g\u00e5r s\u00f8ml\u00f8st fra installasjon til inspeksjon, vedlikehold og reparasjon. Med ti\u00e5r med praktisk erfaring leverer vi praktiske l\u00f8sninger av h\u00f8y kvalitet for krevende bransjer p\u00e5 land og til havs.","breadcrumb":{"@id":"https:\/\/www.nosas.no\/nos-service\/#breadcrumb"},"inLanguage":"nb-NO","potentialAction":[{"@type":"ReadAction","target":["https:\/\/www.nosas.no\/nos-service\/"]}]},{"@type":"ImageObject","inLanguage":"nb-NO","@id":"https:\/\/www.nosas.no\/nos-service\/#primaryimage","url":"https:\/\/www.nosas.no\/wp-content\/uploads\/2025\/08\/NOS_Juni24_402-scaled.jpg","contentUrl":"https:\/\/www.nosas.no\/wp-content\/uploads\/2025\/08\/NOS_Juni24_402-scaled.jpg","width":2560,"height":1707},{"@type":"BreadcrumbList","@id":"https:\/\/www.nosas.no\/nos-service\/#breadcrumb","itemListElement":[{"@type":"ListItem","position":1,"name":"Home","item":"https:\/\/www.nosas.no\/"},{"@type":"ListItem","position":2,"name":"NOS Service"}]},{"@type":"WebSite","@id":"https:\/\/www.nosas.no\/#website","url":"https:\/\/www.nosas.no\/","name":"NOS Group","description":"Vi kobler sammen spesialiserte selskaper for \u00e5 levere smartere, s\u00f8ml\u00f8se l\u00f8sninger.","potentialAction":[{"@type":"SearchAction","target":{"@type":"EntryPoint","urlTemplate":"https:\/\/www.nosas.no\/?s={search_term_string}"},"query-input":{"@type":"PropertyValueSpecification","valueRequired":true,"valueName":"search_term_string"}}],"inLanguage":"nb-NO"}]}},"_links":{"self":[{"href":"https:\/\/www.nosas.no\/nb\/wp-json\/wp\/v2\/pages\/185","targetHints":{"allow":["GET"]}}],"collection":[{"href":"https:\/\/www.nosas.no\/nb\/wp-json\/wp\/v2\/pages"}],"about":[{"href":"https:\/\/www.nosas.no\/nb\/wp-json\/wp\/v2\/types\/page"}],"author":[{"embeddable":true,"href":"https:\/\/www.nosas.no\/nb\/wp-json\/wp\/v2\/users\/1"}],"replies":[{"embeddable":true,"href":"https:\/\/www.nosas.no\/nb\/wp-json\/wp\/v2\/comments?post=185"}],"version-history":[{"count":14,"href":"https:\/\/www.nosas.no\/nb\/wp-json\/wp\/v2\/pages\/185\/revisions"}],"predecessor-version":[{"id":11535,"href":"https:\/\/www.nosas.no\/nb\/wp-json\/wp\/v2\/pages\/185\/revisions\/11535"}],"wp:featuredmedia":[{"embeddable":true,"href":"https:\/\/www.nosas.no\/nb\/wp-json\/wp\/v2\/media\/693"}],"wp:attachment":[{"href":"https:\/\/www.nosas.no\/nb\/wp-json\/wp\/v2\/media?parent=185"}],"wp:term":[{"taxonomy":"selskap","embeddable":true,"href":"https:\/\/www.nosas.no\/nb\/wp-json\/wp\/v2\/selskap?post=185"}],"curies":[{"name":"wp","href":"https:\/\/api.w.org\/{rel}","templated":true}]}}