{"id":20,"date":"2025-06-12T10:18:38","date_gmt":"2025-06-12T08:18:38","guid":{"rendered":"https:\/\/www.nosas.no\/?page_id=20"},"modified":"2026-04-09T16:13:02","modified_gmt":"2026-04-09T14:13:02","slug":"nos-group","status":"publish","type":"page","link":"https:\/\/www.nosas.no\/nb\/","title":{"rendered":"NOS Group"},"content":{"rendered":"<h1>\n\t\t\tNOS Group\t<\/h1>\n<h2>\n\t\t\t\t<\/h2>\n<h2>\n\t\t\tNyheter\t<\/h2>\n<h2>\n\t\t\t\t<\/h2>\n\t\t\t<a href=\"https:\/\/www.nosas.no\/nb\/qa-miljo\/\"  target=\"_self\">\n\t\t\t\t\t\t\tESG\n\t\t\t\t\t<\/a>\n\t\t\t<a href=\"https:\/\/www.nosas.no\/nb\/karriere\/\"  target=\"_self\">\n\t\t\t\t\t\t\tKarriere\n\t\t\t\t\t<\/a>\n\t<p>We evolve. We care. We deliver. We are <strong>NOS<\/strong>.<\/p>\n<h3>\n\t\t\tSt\u00f8tte til talent, lidenskap og lokal vekst\t<\/h3>\n<figure itemscope itemtype=\"https:\/\/schema.org\/ImageObject\">\n\t\t\t\t<a href=\"https:\/\/www.oilers.no\"  target=\"_blank\" rel=\"noopener\"  itemprop=\"url\">\n\t\t\t\t<img decoding=\"async\" src=\"https:\/\/www.nosas.no\/wp-content\/uploads\/2025\/09\/oilers-badge-logo-bitmap.png\" alt=\"oilers-badge-logo-bitmap\" height=\"400\" width=\"400\" title=\"oilers-badge-logo-bitmap\" onerror=\"this.style.display='none'\" loading=\"lazy\" \/>\n\t\t\t\t<\/a>\n\t<\/figure>\n<figure itemscope itemtype=\"https:\/\/schema.org\/ImageObject\">\n\t\t\t\t<a href=\"https:\/\/stavangerif.no\"  target=\"_blank\" rel=\"noopener\"  itemprop=\"url\">\n\t\t\t\t<img decoding=\"async\" src=\"https:\/\/www.nosas.no\/wp-content\/uploads\/2025\/09\/SIF-logo-e1722359916435.png\" alt=\"SIF-logo-e1722359916435\" height=\"96\" width=\"100\" title=\"SIF-logo-e1722359916435\" onerror=\"this.style.display='none'\" loading=\"lazy\" \/>\n\t\t\t\t<\/a>\n\t<\/figure>\n<figure itemscope itemtype=\"https:\/\/schema.org\/ImageObject\">\n\t\t\t\t<a href=\"https:\/\/mittdfs.no\/hovedside\/hjemmesider\/rogaland-skyttersamlag\/stavanger-epi\/\"  target=\"_blank\" rel=\"noopener\"  itemprop=\"url\">\n\t\t\t\t<img decoding=\"async\" src=\"https:\/\/www.nosas.no\/wp-content\/uploads\/2025\/09\/images.jpeg\" alt=\"bilder\" height=\"200\" width=\"225\" title=\"bilder\" onerror=\"this.style.display='none'\" loading=\"lazy\" \/>\n\t\t\t\t<\/a>\n\t<\/figure>\n<figure itemscope itemtype=\"https:\/\/schema.org\/ImageObject\">\n\t\t\t\t<a href=\"https:\/\/www.madlail.no\"  target=\"_blank\" rel=\"noopener\"  itemprop=\"url\">\n\t\t\t\t<img decoding=\"async\" src=\"https:\/\/www.nosas.no\/wp-content\/uploads\/2025\/09\/madla-il-logo.png.avif\" alt=\"madla-il-logo.png\" height=\"600\" width=\"600\" title=\"madla-il-logo.png\" onerror=\"this.style.display='none'\" loading=\"lazy\" \/>\n\t\t\t\t<\/a>\n\t<\/figure>","protected":false},"excerpt":{"rendered":"<p>NOS Group News QA &#038; Environment Career We evolve. We care. We deliver. We are NOS. Supporting talent, passion and local growth<\/p>","protected":false},"author":1,"featured_media":161,"parent":0,"menu_order":6,"comment_status":"closed","ping_status":"closed","template":"","meta":{"_acf_changed":false,"footnotes":""},"selskap":[2],"class_list":["post-20","page","type-page","status-publish","has-post-thumbnail","hentry","selskap-nos-group"],"acf":[],"yoast_head":"<!-- This site is optimized with the Yoast SEO plugin v27.4 - https:\/\/yoast.com\/product\/yoast-seo-wordpress\/ -->\n<title>NOS Group - We evolve. We care. We deliver. We are NOS.<\/title>\n<meta name=\"description\" content=\"Supplying equipment, services, chemicals, engineering, and electrical services to all markets. We connect companies to deliver smarter, seamless solutions.\" \/>\n<meta name=\"robots\" content=\"index, follow, max-snippet:-1, max-image-preview:large, max-video-preview:-1\" \/>\n<link rel=\"canonical\" href=\"https:\/\/www.nosas.no\/nb\/\" \/>\n<meta property=\"og:locale\" content=\"nb_NO\" \/>\n<meta property=\"og:type\" content=\"article\" \/>\n<meta property=\"og:title\" content=\"NOS Group - We evolve. We care. We deliver. We are NOS.\" \/>\n<meta property=\"og:description\" content=\"Supplying equipment, services, chemicals, engineering, and electrical services to all markets. We connect companies to deliver smarter, seamless solutions.\" \/>\n<meta property=\"og:url\" content=\"https:\/\/www.nosas.no\/nb\/\" \/>\n<meta property=\"og:site_name\" content=\"NOS Group\" \/>\n<meta property=\"article:modified_time\" content=\"2026-04-09T14:13:02+00:00\" \/>\n<meta property=\"og:image\" content=\"https:\/\/www.nosas.no\/wp-content\/uploads\/2025\/06\/NOS_Juni24_337.jpg\" \/>\n\t<meta property=\"og:image:width\" content=\"2500\" \/>\n\t<meta property=\"og:image:height\" content=\"1667\" \/>\n\t<meta property=\"og:image:type\" content=\"image\/jpeg\" \/>\n<meta name=\"twitter:card\" content=\"summary_large_image\" \/>\n<meta name=\"twitter:label1\" content=\"Ansl. lesetid\" \/>\n\t<meta name=\"twitter:data1\" content=\"2 minutter\" \/>\n<script type=\"application\/ld+json\" class=\"yoast-schema-graph\">{\"@context\":\"https:\\\/\\\/schema.org\",\"@graph\":[{\"@type\":\"WebPage\",\"@id\":\"https:\\\/\\\/www.nosas.no\\\/\",\"url\":\"https:\\\/\\\/www.nosas.no\\\/\",\"name\":\"NOS Group - We evolve. We care. We deliver. We are NOS.\",\"isPartOf\":{\"@id\":\"https:\\\/\\\/www.nosas.no\\\/#website\"},\"primaryImageOfPage\":{\"@id\":\"https:\\\/\\\/www.nosas.no\\\/#primaryimage\"},\"image\":{\"@id\":\"https:\\\/\\\/www.nosas.no\\\/#primaryimage\"},\"thumbnailUrl\":\"https:\\\/\\\/www.nosas.no\\\/wp-content\\\/uploads\\\/2025\\\/06\\\/NOS_Juni24_337.jpg\",\"datePublished\":\"2025-06-12T08:18:38+00:00\",\"dateModified\":\"2026-04-09T14:13:02+00:00\",\"description\":\"Supplying equipment, services, chemicals, engineering, and electrical services to all markets. We connect companies to deliver smarter, seamless solutions.\",\"breadcrumb\":{\"@id\":\"https:\\\/\\\/www.nosas.no\\\/#breadcrumb\"},\"inLanguage\":\"nb-NO\",\"potentialAction\":[{\"@type\":\"ReadAction\",\"target\":[\"https:\\\/\\\/www.nosas.no\\\/\"]}]},{\"@type\":\"ImageObject\",\"inLanguage\":\"nb-NO\",\"@id\":\"https:\\\/\\\/www.nosas.no\\\/#primaryimage\",\"url\":\"https:\\\/\\\/www.nosas.no\\\/wp-content\\\/uploads\\\/2025\\\/06\\\/NOS_Juni24_337.jpg\",\"contentUrl\":\"https:\\\/\\\/www.nosas.no\\\/wp-content\\\/uploads\\\/2025\\\/06\\\/NOS_Juni24_337.jpg\",\"width\":2500,\"height\":1667},{\"@type\":\"BreadcrumbList\",\"@id\":\"https:\\\/\\\/www.nosas.no\\\/#breadcrumb\",\"itemListElement\":[{\"@type\":\"ListItem\",\"position\":1,\"name\":\"Home\",\"item\":\"https:\\\/\\\/www.nosas.no\\\/\"},{\"@type\":\"ListItem\",\"position\":2,\"name\":\"NOS Group\"}]},{\"@type\":\"WebSite\",\"@id\":\"https:\\\/\\\/www.nosas.no\\\/#website\",\"url\":\"https:\\\/\\\/www.nosas.no\\\/\",\"name\":\"NOS Group\",\"description\":\"We connect specialised companies to deliver smarter, seamless solutions.\",\"potentialAction\":[{\"@type\":\"SearchAction\",\"target\":{\"@type\":\"EntryPoint\",\"urlTemplate\":\"https:\\\/\\\/www.nosas.no\\\/?s={search_term_string}\"},\"query-input\":{\"@type\":\"PropertyValueSpecification\",\"valueRequired\":true,\"valueName\":\"search_term_string\"}}],\"inLanguage\":\"nb-NO\"}]}<\/script>\n<!-- \/ Yoast SEO plugin. -->","yoast_head_json":{"title":"NOS Group - Vi utvikler oss. Vi bryr oss. Vi leverer. Vi er NOS.","description":"Vi leverer utstyr, tjenester, kjemikalier, ingeni\u00f8rtjenester og elektriske tjenester til alle markeder. Vi kobler sammen selskaper for \u00e5 levere smartere, s\u00f8ml\u00f8se l\u00f8sninger.","robots":{"index":"index","follow":"follow","max-snippet":"max-snippet:-1","max-image-preview":"max-image-preview:large","max-video-preview":"max-video-preview:-1"},"canonical":"https:\/\/www.nosas.no\/nb\/","og_locale":"nb_NO","og_type":"article","og_title":"NOS Group - We evolve. We care. We deliver. We are NOS.","og_description":"Supplying equipment, services, chemicals, engineering, and electrical services to all markets. We connect companies to deliver smarter, seamless solutions.","og_url":"https:\/\/www.nosas.no\/nb\/","og_site_name":"NOS Group","article_modified_time":"2026-04-09T14:13:02+00:00","og_image":[{"width":2500,"height":1667,"url":"https:\/\/www.nosas.no\/wp-content\/uploads\/2025\/06\/NOS_Juni24_337.jpg","type":"image\/jpeg"}],"twitter_card":"summary_large_image","twitter_misc":{"Ansl. lesetid":"2 minutter"},"schema":{"@context":"https:\/\/schema.org","@graph":[{"@type":"WebPage","@id":"https:\/\/www.nosas.no\/","url":"https:\/\/www.nosas.no\/","name":"NOS Group - Vi utvikler oss. Vi bryr oss. Vi leverer. Vi er NOS.","isPartOf":{"@id":"https:\/\/www.nosas.no\/#website"},"primaryImageOfPage":{"@id":"https:\/\/www.nosas.no\/#primaryimage"},"image":{"@id":"https:\/\/www.nosas.no\/#primaryimage"},"thumbnailUrl":"https:\/\/www.nosas.no\/wp-content\/uploads\/2025\/06\/NOS_Juni24_337.jpg","datePublished":"2025-06-12T08:18:38+00:00","dateModified":"2026-04-09T14:13:02+00:00","description":"Vi leverer utstyr, tjenester, kjemikalier, ingeni\u00f8rtjenester og elektriske tjenester til alle markeder. Vi kobler sammen selskaper for \u00e5 levere smartere, s\u00f8ml\u00f8se l\u00f8sninger.","breadcrumb":{"@id":"https:\/\/www.nosas.no\/#breadcrumb"},"inLanguage":"nb-NO","potentialAction":[{"@type":"ReadAction","target":["https:\/\/www.nosas.no\/"]}]},{"@type":"ImageObject","inLanguage":"nb-NO","@id":"https:\/\/www.nosas.no\/#primaryimage","url":"https:\/\/www.nosas.no\/wp-content\/uploads\/2025\/06\/NOS_Juni24_337.jpg","contentUrl":"https:\/\/www.nosas.no\/wp-content\/uploads\/2025\/06\/NOS_Juni24_337.jpg","width":2500,"height":1667},{"@type":"BreadcrumbList","@id":"https:\/\/www.nosas.no\/#breadcrumb","itemListElement":[{"@type":"ListItem","position":1,"name":"Home","item":"https:\/\/www.nosas.no\/"},{"@type":"ListItem","position":2,"name":"NOS Group"}]},{"@type":"WebSite","@id":"https:\/\/www.nosas.no\/#website","url":"https:\/\/www.nosas.no\/","name":"NOS Group","description":"Vi kobler sammen spesialiserte selskaper for \u00e5 levere smartere, s\u00f8ml\u00f8se l\u00f8sninger.","potentialAction":[{"@type":"SearchAction","target":{"@type":"EntryPoint","urlTemplate":"https:\/\/www.nosas.no\/?s={search_term_string}"},"query-input":{"@type":"PropertyValueSpecification","valueRequired":true,"valueName":"search_term_string"}}],"inLanguage":"nb-NO"}]}},"_links":{"self":[{"href":"https:\/\/www.nosas.no\/nb\/wp-json\/wp\/v2\/pages\/20","targetHints":{"allow":["GET"]}}],"collection":[{"href":"https:\/\/www.nosas.no\/nb\/wp-json\/wp\/v2\/pages"}],"about":[{"href":"https:\/\/www.nosas.no\/nb\/wp-json\/wp\/v2\/types\/page"}],"author":[{"embeddable":true,"href":"https:\/\/www.nosas.no\/nb\/wp-json\/wp\/v2\/users\/1"}],"replies":[{"embeddable":true,"href":"https:\/\/www.nosas.no\/nb\/wp-json\/wp\/v2\/comments?post=20"}],"version-history":[{"count":17,"href":"https:\/\/www.nosas.no\/nb\/wp-json\/wp\/v2\/pages\/20\/revisions"}],"predecessor-version":[{"id":11572,"href":"https:\/\/www.nosas.no\/nb\/wp-json\/wp\/v2\/pages\/20\/revisions\/11572"}],"wp:featuredmedia":[{"embeddable":true,"href":"https:\/\/www.nosas.no\/nb\/wp-json\/wp\/v2\/media\/161"}],"wp:attachment":[{"href":"https:\/\/www.nosas.no\/nb\/wp-json\/wp\/v2\/media?parent=20"}],"wp:term":[{"taxonomy":"selskap","embeddable":true,"href":"https:\/\/www.nosas.no\/nb\/wp-json\/wp\/v2\/selskap?post=20"}],"curies":[{"name":"wp","href":"https:\/\/api.w.org\/{rel}","templated":true}]}}