{"id":452,"date":"2025-08-26T12:28:54","date_gmt":"2025-08-26T10:28:54","guid":{"rendered":"https:\/\/www-nosas.wp1.hcweb.dev\/?page_id=452"},"modified":"2026-02-03T10:56:00","modified_gmt":"2026-02-03T09:56:00","slug":"roterende-multiverktoy-rmt","status":"publish","type":"page","link":"https:\/\/www.nosas.no\/nb\/nos-service\/rotary-multi-tool-rmt\/","title":{"rendered":"Roterende multiverkt\u00f8y - RMT"},"content":{"rendered":"","protected":false},"excerpt":{"rendered":"","protected":false},"author":1,"featured_media":0,"parent":185,"menu_order":15,"comment_status":"closed","ping_status":"closed","template":"","meta":{"_acf_changed":false,"footnotes":""},"selskap":[7],"class_list":["post-452","page","type-page","status-publish","hentry","selskap-nos-service"],"acf":[],"yoast_head":"<!-- This site is optimized with the Yoast SEO plugin v27.5 - https:\/\/yoast.com\/product\/yoast-seo-wordpress\/ -->\n<title>Rotary Multi Tool \u2013 RMT - NOS Group<\/title>\n<meta name=\"robots\" content=\"index, follow, max-snippet:-1, max-image-preview:large, max-video-preview:-1\" \/>\n<link rel=\"canonical\" href=\"https:\/\/www.nosas.no\/nb\/nos-service\/roterende-multiverktoy-rmt\/\" \/>\n<meta property=\"og:locale\" content=\"nb_NO\" \/>\n<meta property=\"og:type\" content=\"article\" \/>\n<meta property=\"og:title\" content=\"Rotary Multi Tool \u2013 RMT - NOS Group\" \/>\n<meta property=\"og:url\" content=\"https:\/\/www.nosas.no\/nb\/nos-service\/roterende-multiverktoy-rmt\/\" \/>\n<meta property=\"og:site_name\" content=\"NOS Group\" \/>\n<meta property=\"article:modified_time\" content=\"2026-02-03T09:56:00+00:00\" \/>\n<meta name=\"twitter:card\" content=\"summary_large_image\" \/>\n<script type=\"application\/ld+json\" class=\"yoast-schema-graph\">{\"@context\":\"https:\\\/\\\/schema.org\",\"@graph\":[{\"@type\":\"WebPage\",\"@id\":\"https:\\\/\\\/www.nosas.no\\\/nos-service\\\/rotary-multi-tool-rmt\\\/\",\"url\":\"https:\\\/\\\/www.nosas.no\\\/nos-service\\\/rotary-multi-tool-rmt\\\/\",\"name\":\"Rotary Multi Tool \u2013 RMT - NOS Group\",\"isPartOf\":{\"@id\":\"https:\\\/\\\/www.nosas.no\\\/#website\"},\"datePublished\":\"2025-08-26T10:28:54+00:00\",\"dateModified\":\"2026-02-03T09:56:00+00:00\",\"breadcrumb\":{\"@id\":\"https:\\\/\\\/www.nosas.no\\\/nos-service\\\/rotary-multi-tool-rmt\\\/#breadcrumb\"},\"inLanguage\":\"nb-NO\",\"potentialAction\":[{\"@type\":\"ReadAction\",\"target\":[\"https:\\\/\\\/www.nosas.no\\\/nos-service\\\/rotary-multi-tool-rmt\\\/\"]}]},{\"@type\":\"BreadcrumbList\",\"@id\":\"https:\\\/\\\/www.nosas.no\\\/nos-service\\\/rotary-multi-tool-rmt\\\/#breadcrumb\",\"itemListElement\":[{\"@type\":\"ListItem\",\"position\":1,\"name\":\"Home\",\"item\":\"https:\\\/\\\/www.nosas.no\\\/\"},{\"@type\":\"ListItem\",\"position\":2,\"name\":\"NOS Service\",\"item\":\"https:\\\/\\\/www.nosas.no\\\/nos-service\\\/\"},{\"@type\":\"ListItem\",\"position\":3,\"name\":\"Rotary Multi Tool \u2013 RMT\"}]},{\"@type\":\"WebSite\",\"@id\":\"https:\\\/\\\/www.nosas.no\\\/#website\",\"url\":\"https:\\\/\\\/www.nosas.no\\\/\",\"name\":\"NOS Group\",\"description\":\"We connect specialised companies to deliver smarter, seamless solutions.\",\"potentialAction\":[{\"@type\":\"SearchAction\",\"target\":{\"@type\":\"EntryPoint\",\"urlTemplate\":\"https:\\\/\\\/www.nosas.no\\\/?s={search_term_string}\"},\"query-input\":{\"@type\":\"PropertyValueSpecification\",\"valueRequired\":true,\"valueName\":\"search_term_string\"}}],\"inLanguage\":\"nb-NO\"}]}<\/script>\n<!-- \/ Yoast SEO plugin. -->","yoast_head_json":{"title":"Roterende multiverkt\u00f8y - RMT - NOS Group","robots":{"index":"index","follow":"follow","max-snippet":"max-snippet:-1","max-image-preview":"max-image-preview:large","max-video-preview":"max-video-preview:-1"},"canonical":"https:\/\/www.nosas.no\/nb\/nos-service\/roterende-multiverktoy-rmt\/","og_locale":"nb_NO","og_type":"article","og_title":"Rotary Multi Tool \u2013 RMT - NOS Group","og_url":"https:\/\/www.nosas.no\/nb\/nos-service\/roterende-multiverktoy-rmt\/","og_site_name":"NOS Group","article_modified_time":"2026-02-03T09:56:00+00:00","twitter_card":"summary_large_image","schema":{"@context":"https:\/\/schema.org","@graph":[{"@type":"WebPage","@id":"https:\/\/www.nosas.no\/nos-service\/rotary-multi-tool-rmt\/","url":"https:\/\/www.nosas.no\/nos-service\/rotary-multi-tool-rmt\/","name":"Roterende multiverkt\u00f8y - RMT - NOS Group","isPartOf":{"@id":"https:\/\/www.nosas.no\/#website"},"datePublished":"2025-08-26T10:28:54+00:00","dateModified":"2026-02-03T09:56:00+00:00","breadcrumb":{"@id":"https:\/\/www.nosas.no\/nos-service\/rotary-multi-tool-rmt\/#breadcrumb"},"inLanguage":"nb-NO","potentialAction":[{"@type":"ReadAction","target":["https:\/\/www.nosas.no\/nos-service\/rotary-multi-tool-rmt\/"]}]},{"@type":"BreadcrumbList","@id":"https:\/\/www.nosas.no\/nos-service\/rotary-multi-tool-rmt\/#breadcrumb","itemListElement":[{"@type":"ListItem","position":1,"name":"Home","item":"https:\/\/www.nosas.no\/"},{"@type":"ListItem","position":2,"name":"NOS Service","item":"https:\/\/www.nosas.no\/nos-service\/"},{"@type":"ListItem","position":3,"name":"Rotary Multi Tool \u2013 RMT"}]},{"@type":"WebSite","@id":"https:\/\/www.nosas.no\/#website","url":"https:\/\/www.nosas.no\/","name":"NOS Group","description":"Vi kobler sammen spesialiserte selskaper for \u00e5 levere smartere, s\u00f8ml\u00f8se l\u00f8sninger.","potentialAction":[{"@type":"SearchAction","target":{"@type":"EntryPoint","urlTemplate":"https:\/\/www.nosas.no\/?s={search_term_string}"},"query-input":{"@type":"PropertyValueSpecification","valueRequired":true,"valueName":"search_term_string"}}],"inLanguage":"nb-NO"}]}},"_links":{"self":[{"href":"https:\/\/www.nosas.no\/nb\/wp-json\/wp\/v2\/pages\/452","targetHints":{"allow":["GET"]}}],"collection":[{"href":"https:\/\/www.nosas.no\/nb\/wp-json\/wp\/v2\/pages"}],"about":[{"href":"https:\/\/www.nosas.no\/nb\/wp-json\/wp\/v2\/types\/page"}],"author":[{"embeddable":true,"href":"https:\/\/www.nosas.no\/nb\/wp-json\/wp\/v2\/users\/1"}],"replies":[{"embeddable":true,"href":"https:\/\/www.nosas.no\/nb\/wp-json\/wp\/v2\/comments?post=452"}],"version-history":[{"count":17,"href":"https:\/\/www.nosas.no\/nb\/wp-json\/wp\/v2\/pages\/452\/revisions"}],"predecessor-version":[{"id":1980,"href":"https:\/\/www.nosas.no\/nb\/wp-json\/wp\/v2\/pages\/452\/revisions\/1980"}],"up":[{"embeddable":true,"href":"https:\/\/www.nosas.no\/nb\/wp-json\/wp\/v2\/pages\/185"}],"wp:attachment":[{"href":"https:\/\/www.nosas.no\/nb\/wp-json\/wp\/v2\/media?parent=452"}],"wp:term":[{"taxonomy":"selskap","embeddable":true,"href":"https:\/\/www.nosas.no\/nb\/wp-json\/wp\/v2\/selskap?post=452"}],"curies":[{"name":"wp","href":"https:\/\/api.w.org\/{rel}","templated":true}]}}