{"id":47,"date":"2025-06-12T13:43:28","date_gmt":"2025-06-12T11:43:28","guid":{"rendered":"https:\/\/www.nosas.no\/?page_id=47"},"modified":"2026-04-15T15:40:34","modified_gmt":"2026-04-15T13:40:34","slug":"kontakt","status":"publish","type":"page","link":"https:\/\/www.nosas.no\/nb\/contact\/","title":{"rendered":"Kontakt"},"content":{"rendered":"\n\n\t<p>E-mail:<a href=\"mailto:post@nosas.no\"> post@nosas.no<\/a><\/p>\n<p>Telephone: <a href=\"tel:+47 51 73 30 00\">+47 51 73 30 00<\/a><\/p>\nBilling address:<br \/>\n<a href=\"mailto:invoice@nosas.no\">invoice@nosas.no<\/a><br \/>\nEHF \/ Org.nr.: 989 438 154\n<p>&nbsp;<\/p>\n\t\t\t<a href=\"tel:+4751733000\" target=\"_self\">\n\t\t\t<h2>24-hour Support<\/h2>\n\t\t\t\t\t\t<h2>+47 51 73 30 00<\/h2>\t\t\t\t\t\n\t\t<\/a>\n    <style id=\"wpforms-css-vars-29\">\n\t\t\t\t#wpforms-29 {\n\t\t\t\t--wpforms-field-border-radius: 0px;\n--wpforms-field-border-color: #cccccc;\n--wpforms-field-border-color-spare: #cccccc;\n--wpforms-field-text-color: #444444;\n--wpforms-label-color: #262626;\n--wpforms-label-sublabel-color: #7f7f7f;\n--wpforms-label-error-color: #ff0000;\n--wpforms-button-border-style: solid;\n--wpforms-button-border-radius: 0px;\n--wpforms-button-background-color: #dddddd;\n--wpforms-button-border-color: #cccccc;\n--wpforms-button-text-color: #666666;\n--wpforms-page-break-color: #dddddd;\n--wpforms-field-size-input-height: 43px;\n--wpforms-field-size-input-spacing: 15px;\n--wpforms-field-size-font-size: 16px;\n--wpforms-field-size-line-height: 19px;\n--wpforms-field-size-padding-h: 14px;\n--wpforms-field-size-checkbox-size: 16px;\n--wpforms-field-size-sublabel-spacing: 5px;\n--wpforms-field-size-icon-size: 1;\n--wpforms-label-size-font-size: 14px;\n--wpforms-label-size-line-height: 17px;\n--wpforms-label-size-sublabel-font-size: 13px;\n--wpforms-label-size-sublabel-line-height: 16px;\n--wpforms-button-size-font-size: 17px;\n--wpforms-button-size-height: 41px;\n--wpforms-button-size-padding-h: 15px;\n--wpforms-button-size-margin-top: 10px;\n--wpforms-container-shadow-size-box-shadow: none;\n\t\t\t}\n\t\t\t<\/style><form id=\"wpforms-form-29\" data-formid=\"29\" method=\"post\" enctype=\"multipart\/form-data\" action=\"\/?page_id=47&#038;fl_builder\" data-token=\"50ea447b08ee53e3fb361046b51e4cba\" data-token-time=\"1776260434\">Please enable JavaScript in your browser to complete this form.Please enable JavaScript in your browser to complete this form.<label for=\"wpforms-29-field_1\">Name *<\/label><input type=\"text\" id=\"wpforms-29-field_1\" name=\"wpforms[fields][1]\" placeholder=\"Your name\" aria-errormessage=\"wpforms-29-field_1-error\" required\/><label for=\"wpforms-29-field_2\">E-mail *<\/label><input type=\"email\" id=\"wpforms-29-field_2\" name=\"wpforms[fields][2]\" placeholder=\"Your e-mailaddress\" spellcheck=\"false\" aria-errormessage=\"wpforms-29-field_2-error\" required\/><label for=\"wpforms-29-field_5\">Telephone<\/label><input type=\"number\" id=\"wpforms-29-field_5\" name=\"wpforms[fields][5]\" placeholder=\"Your telephone number\" step=\"any\" aria-errormessage=\"wpforms-29-field_5-error\"\/><fieldset><legend>Whom do you wish to contact?<\/legend><ul id=\"wpforms-29-field_4\"><li><input type=\"checkbox\" id=\"wpforms-29-field_4_1\" name=\"wpforms[fields][4][]\" value=\"NOS Rental\" aria-errormessage=\"wpforms-29-field_4_1-error\"\/><label for=\"wpforms-29-field_4_1\">NOS Rental<\/label><\/li><li><input type=\"checkbox\" id=\"wpforms-29-field_4_2\" name=\"wpforms[fields][4][]\" value=\"NOS Service\" aria-errormessage=\"wpforms-29-field_4_2-error\"\/><label for=\"wpforms-29-field_4_2\">NOS Service<\/label><\/li><li><input type=\"checkbox\" id=\"wpforms-29-field_4_3\" name=\"wpforms[fields][4][]\" value=\"NOS Elektro\" aria-errormessage=\"wpforms-29-field_4_3-error\"\/><label for=\"wpforms-29-field_4_3\">NOS Elektro<\/label><\/li><li><input type=\"checkbox\" id=\"wpforms-29-field_4_4\" name=\"wpforms[fields][4][]\" value=\"NOS Chemicals\" aria-errormessage=\"wpforms-29-field_4_4-error\"\/><label for=\"wpforms-29-field_4_4\">NOS Chemicals<\/label><\/li><li><input type=\"checkbox\" id=\"wpforms-29-field_4_5\" name=\"wpforms[fields][4][]\" value=\"NOS Techology\" aria-errormessage=\"wpforms-29-field_4_5-error\"\/><label for=\"wpforms-29-field_4_5\">NOS Techology<\/label><\/li><li><input type=\"checkbox\" id=\"wpforms-29-field_4_6\" name=\"wpforms[fields][4][]\" value=\"NOS Group\" aria-errormessage=\"wpforms-29-field_4_6-error\"\/><label for=\"wpforms-29-field_4_6\">NOS Group<\/label><\/li><li><input type=\"checkbox\" id=\"wpforms-29-field_4_7\" name=\"wpforms[fields][4][]\" value=\"NOS Nova\" aria-errormessage=\"wpforms-29-field_4_7-error\"\/><label for=\"wpforms-29-field_4_7\">NOS Nova<\/label><\/li><\/ul><\/fieldset><label for=\"wpforms-29-field_8\">How can we help?<\/label><textarea id=\"wpforms-29-field_8\" name=\"wpforms[fields][8]\" aria-errormessage=\"wpforms-29-field_8-error\"><\/textarea><!-- .wpforms-field-container --><input type=\"hidden\" name=\"wpforms[id]\" value=\"29\"\/>\t\t\t<input type=\"hidden\"\n\t\t\t\tname=\"wpforms[nonce]\"\n\t\t\t\tvalue=\"1641782ab3\"\n\t\t\t\/>\n\t\t\t<input type=\"hidden\" name=\"page_title\" value=\"Contact\"\/><input type=\"hidden\" name=\"page_url\" value=\"https:\/\/www.nosas.no\/?page_id=47&#038;fl_builder\"\/><input type=\"hidden\" name=\"url_referer\" value=\"\"\/><input type=\"hidden\" name=\"page_id\" value=\"47\"\/><input type=\"hidden\" name=\"wpforms[post_id]\" value=\"47\"\/><button type=\"submit\" name=\"wpforms[submit]\" id=\"wpforms-submit-29\" data-alt-text=\"Sending...\" data-submit-text=\"Submit\" aria-live=\"assertive\" value=\"wpforms-submit\">Submit<\/button><img loading=\"lazy\" decoding=\"async\" src=\"https:\/\/www.nosas.no\/wp-content\/plugins\/wpforms\/assets\/images\/submit-spin.svg\" width=\"26\" height=\"26\" alt=\"Loading\"\/><\/form>  <!-- .wpforms-container -->\n<h3>\n\t\t\tNOS Group\t<\/h3>\n<h3>\n\t\t\tNOS Rental \t<\/h3>\n<h3>\n\t\t\tNOS Chemicals \t<\/h3>\n<h3>\n\t\t\tNOS Service\t<\/h3>\n<h3>\n\t\t\tNOS Technology\t<\/h3>\n<h3>\n\t\t\tNOS Elektro\t<\/h3>\n<h3>\n\t\t\tNOS Energy Solutions\t<\/h3>\n\n","protected":false},"excerpt":{"rendered":"<p>E-mail: post@nosas.no Telephone: +47 51 73 30 00 Billing address: invoice@nosas.no EHF \/ Org.nr.: 989 438 154 &nbsp; 24-hour Support +47 51 73 30 00 Please enable JavaScript in your browser to complete this form.Please enable JavaScript in your browser to complete this form.Name *E-mail *Telephone Whom do you wish to contact? NOS Rental NOS&hellip;<\/p>","protected":false},"author":1,"featured_media":0,"parent":0,"menu_order":35,"comment_status":"closed","ping_status":"closed","template":"","meta":{"_acf_changed":false,"footnotes":""},"selskap":[],"class_list":["post-47","page","type-page","status-publish","hentry"],"acf":[],"yoast_head":"<!-- This site is optimized with the Yoast SEO plugin v27.4 - https:\/\/yoast.com\/product\/yoast-seo-wordpress\/ -->\n<title>Contact - NOS Group<\/title>\n<meta name=\"robots\" content=\"index, follow, max-snippet:-1, max-image-preview:large, max-video-preview:-1\" \/>\n<link rel=\"canonical\" href=\"https:\/\/www.nosas.no\/nb\/kontakt\/\" \/>\n<meta property=\"og:locale\" content=\"nb_NO\" \/>\n<meta property=\"og:type\" content=\"article\" \/>\n<meta property=\"og:title\" content=\"Contact - NOS Group\" \/>\n<meta property=\"og:description\" content=\"E-mail: post@nosas.no Telephone: +47 51 73 30 00 Billing address: invoice@nosas.no EHF \/ Org.nr.: 989 438 154 &nbsp; 24-hour Support +47 51 73 30 00 Please enable JavaScript in your browser to complete this form.Please enable JavaScript in your browser to complete this form.Name *E-mail *Telephone Whom do you wish to contact? NOS Rental NOS&hellip;\" \/>\n<meta property=\"og:url\" content=\"https:\/\/www.nosas.no\/nb\/kontakt\/\" \/>\n<meta property=\"og:site_name\" content=\"NOS Group\" \/>\n<meta property=\"article:modified_time\" content=\"2026-04-15T13:40:34+00:00\" \/>\n<meta property=\"og:image\" content=\"https:\/\/www.nosas.no\/wp-content\/plugins\/wpforms\/assets\/images\/submit-spin.svg\" \/>\n<meta name=\"twitter:card\" content=\"summary_large_image\" \/>\n<script type=\"application\/ld+json\" class=\"yoast-schema-graph\">{\"@context\":\"https:\\\/\\\/schema.org\",\"@graph\":[{\"@type\":\"WebPage\",\"@id\":\"https:\\\/\\\/www.nosas.no\\\/contact\\\/\",\"url\":\"https:\\\/\\\/www.nosas.no\\\/contact\\\/\",\"name\":\"Contact - NOS Group\",\"isPartOf\":{\"@id\":\"https:\\\/\\\/www.nosas.no\\\/#website\"},\"primaryImageOfPage\":{\"@id\":\"https:\\\/\\\/www.nosas.no\\\/contact\\\/#primaryimage\"},\"image\":{\"@id\":\"https:\\\/\\\/www.nosas.no\\\/contact\\\/#primaryimage\"},\"thumbnailUrl\":\"https:\\\/\\\/www.nosas.no\\\/wp-content\\\/plugins\\\/wpforms\\\/assets\\\/images\\\/submit-spin.svg\",\"datePublished\":\"2025-06-12T11:43:28+00:00\",\"dateModified\":\"2026-04-15T13:40:34+00:00\",\"breadcrumb\":{\"@id\":\"https:\\\/\\\/www.nosas.no\\\/contact\\\/#breadcrumb\"},\"inLanguage\":\"nb-NO\",\"potentialAction\":[{\"@type\":\"ReadAction\",\"target\":[\"https:\\\/\\\/www.nosas.no\\\/contact\\\/\"]}]},{\"@type\":\"ImageObject\",\"inLanguage\":\"nb-NO\",\"@id\":\"https:\\\/\\\/www.nosas.no\\\/contact\\\/#primaryimage\",\"url\":\"https:\\\/\\\/www.nosas.no\\\/wp-content\\\/plugins\\\/wpforms\\\/assets\\\/images\\\/submit-spin.svg\",\"contentUrl\":\"https:\\\/\\\/www.nosas.no\\\/wp-content\\\/plugins\\\/wpforms\\\/assets\\\/images\\\/submit-spin.svg\"},{\"@type\":\"BreadcrumbList\",\"@id\":\"https:\\\/\\\/www.nosas.no\\\/contact\\\/#breadcrumb\",\"itemListElement\":[{\"@type\":\"ListItem\",\"position\":1,\"name\":\"Home\",\"item\":\"https:\\\/\\\/www.nosas.no\\\/\"},{\"@type\":\"ListItem\",\"position\":2,\"name\":\"Contact\"}]},{\"@type\":\"WebSite\",\"@id\":\"https:\\\/\\\/www.nosas.no\\\/#website\",\"url\":\"https:\\\/\\\/www.nosas.no\\\/\",\"name\":\"NOS Group\",\"description\":\"We connect specialised companies to deliver smarter, seamless solutions.\",\"potentialAction\":[{\"@type\":\"SearchAction\",\"target\":{\"@type\":\"EntryPoint\",\"urlTemplate\":\"https:\\\/\\\/www.nosas.no\\\/?s={search_term_string}\"},\"query-input\":{\"@type\":\"PropertyValueSpecification\",\"valueRequired\":true,\"valueName\":\"search_term_string\"}}],\"inLanguage\":\"nb-NO\"}]}<\/script>\n<!-- \/ Yoast SEO plugin. -->","yoast_head_json":{"title":"Kontakt - NOS Group","robots":{"index":"index","follow":"follow","max-snippet":"max-snippet:-1","max-image-preview":"max-image-preview:large","max-video-preview":"max-video-preview:-1"},"canonical":"https:\/\/www.nosas.no\/nb\/kontakt\/","og_locale":"nb_NO","og_type":"article","og_title":"Contact - NOS Group","og_description":"E-mail: post@nosas.no Telephone: +47 51 73 30 00 Billing address: invoice@nosas.no EHF \/ Org.nr.: 989 438 154 &nbsp; 24-hour Support +47 51 73 30 00 Please enable JavaScript in your browser to complete this form.Please enable JavaScript in your browser to complete this form.Name *E-mail *Telephone Whom do you wish to contact? NOS Rental NOS&hellip;","og_url":"https:\/\/www.nosas.no\/nb\/kontakt\/","og_site_name":"NOS Group","article_modified_time":"2026-04-15T13:40:34+00:00","og_image":[{"url":"https:\/\/www.nosas.no\/wp-content\/plugins\/wpforms\/assets\/images\/submit-spin.svg","type":"","width":"","height":""}],"twitter_card":"summary_large_image","schema":{"@context":"https:\/\/schema.org","@graph":[{"@type":"WebPage","@id":"https:\/\/www.nosas.no\/contact\/","url":"https:\/\/www.nosas.no\/contact\/","name":"Kontakt - NOS Group","isPartOf":{"@id":"https:\/\/www.nosas.no\/#website"},"primaryImageOfPage":{"@id":"https:\/\/www.nosas.no\/contact\/#primaryimage"},"image":{"@id":"https:\/\/www.nosas.no\/contact\/#primaryimage"},"thumbnailUrl":"https:\/\/www.nosas.no\/wp-content\/plugins\/wpforms\/assets\/images\/submit-spin.svg","datePublished":"2025-06-12T11:43:28+00:00","dateModified":"2026-04-15T13:40:34+00:00","breadcrumb":{"@id":"https:\/\/www.nosas.no\/contact\/#breadcrumb"},"inLanguage":"nb-NO","potentialAction":[{"@type":"ReadAction","target":["https:\/\/www.nosas.no\/contact\/"]}]},{"@type":"ImageObject","inLanguage":"nb-NO","@id":"https:\/\/www.nosas.no\/contact\/#primaryimage","url":"https:\/\/www.nosas.no\/wp-content\/plugins\/wpforms\/assets\/images\/submit-spin.svg","contentUrl":"https:\/\/www.nosas.no\/wp-content\/plugins\/wpforms\/assets\/images\/submit-spin.svg"},{"@type":"BreadcrumbList","@id":"https:\/\/www.nosas.no\/contact\/#breadcrumb","itemListElement":[{"@type":"ListItem","position":1,"name":"Home","item":"https:\/\/www.nosas.no\/"},{"@type":"ListItem","position":2,"name":"Contact"}]},{"@type":"WebSite","@id":"https:\/\/www.nosas.no\/#website","url":"https:\/\/www.nosas.no\/","name":"NOS Group","description":"Vi kobler sammen spesialiserte selskaper for \u00e5 levere smartere, s\u00f8ml\u00f8se l\u00f8sninger.","potentialAction":[{"@type":"SearchAction","target":{"@type":"EntryPoint","urlTemplate":"https:\/\/www.nosas.no\/?s={search_term_string}"},"query-input":{"@type":"PropertyValueSpecification","valueRequired":true,"valueName":"search_term_string"}}],"inLanguage":"nb-NO"}]}},"_links":{"self":[{"href":"https:\/\/www.nosas.no\/nb\/wp-json\/wp\/v2\/pages\/47","targetHints":{"allow":["GET"]}}],"collection":[{"href":"https:\/\/www.nosas.no\/nb\/wp-json\/wp\/v2\/pages"}],"about":[{"href":"https:\/\/www.nosas.no\/nb\/wp-json\/wp\/v2\/types\/page"}],"author":[{"embeddable":true,"href":"https:\/\/www.nosas.no\/nb\/wp-json\/wp\/v2\/users\/1"}],"replies":[{"embeddable":true,"href":"https:\/\/www.nosas.no\/nb\/wp-json\/wp\/v2\/comments?post=47"}],"version-history":[{"count":12,"href":"https:\/\/www.nosas.no\/nb\/wp-json\/wp\/v2\/pages\/47\/revisions"}],"predecessor-version":[{"id":11650,"href":"https:\/\/www.nosas.no\/nb\/wp-json\/wp\/v2\/pages\/47\/revisions\/11650"}],"wp:attachment":[{"href":"https:\/\/www.nosas.no\/nb\/wp-json\/wp\/v2\/media?parent=47"}],"wp:term":[{"taxonomy":"selskap","embeddable":true,"href":"https:\/\/www.nosas.no\/nb\/wp-json\/wp\/v2\/selskap?post=47"}],"curies":[{"name":"wp","href":"https:\/\/api.w.org\/{rel}","templated":true}]}}