{"id":49,"date":"2025-06-12T13:43:41","date_gmt":"2025-06-12T11:43:41","guid":{"rendered":"https:\/\/www.nosas.no\/?page_id=49"},"modified":"2026-01-29T08:56:35","modified_gmt":"2026-01-29T07:56:35","slug":"qa-miljo","status":"publish","type":"page","link":"https:\/\/www.nosas.no\/nb\/qa-environment\/","title":{"rendered":"ESG"},"content":{"rendered":"<h1>\n\t\t\tESG\t<\/h1>\n<figure itemscope itemtype=\"https:\/\/schema.org\/ImageObject\">\n\t\t\t\t<img decoding=\"async\" src=\"https:\/\/www.nosas.no\/wp-content\/uploads\/2025\/08\/NOS_Juni24_245.jpg\" alt=\"NOS_Juni24_245\" height=\"1667\" width=\"2500\" title=\"NOS_Juni24_245\" onerror=\"this.style.display='none'\" loading=\"lazy\" \/>\n\t<\/figure>\n<figure itemscope itemtype=\"https:\/\/schema.org\/ImageObject\">\n\t\t\t\t<img decoding=\"async\" src=\"https:\/\/www.nosas.no\/wp-content\/uploads\/2025\/06\/NOS_Juni24_475.jpg\" alt=\"NOS_Juni24_475\" height=\"1667\" width=\"2500\" title=\"NOS_Juni24_475\" onerror=\"this.style.display='none'\" loading=\"lazy\" \/>\n\t<\/figure>\n<h2>\n\t\t\tV\u00e5re prinsipper\t<\/h2>\n\t<p>Tillit mellom kunder og NOS<\/p>\n\t<p>Tillit mellom ansatte og ledelse<\/p>\n\t<p>Tillit mellom leverand\u00f8rer og NOS<\/p>\n\t<p>Tillit mellom myndighetene og NOS<\/p>\n\t\t\t<a href=\"#QHSSE_Inquiry\"  target=\"_self\">\n\t\t\t\t\t\t\tQHSSE-foresp\u00f8rsel\n\t\t\t\t\t<\/a>\n<h2>\n\t\t\tMilj\u00f8\t<\/h2>\n\t\t\t\tEnergieffektivitet\n\t\t\t\t<p>NOS har iverksatt energibesparende tiltak, blant annet HVAC-optimalisering, oppgradering til energieffektiv belysning og smarte bygningsautomatiseringssystemer for \u00e5 redusere det totale forbruket.<\/p>\n\t\t\t\tFornybar energi\n<p>Selskapet har \u00f8kt bruken av fornybare kilder, som solcellepaneler og sj\u00f8vannsbasert oppvarming.<\/p>\n\t\t\t\tReduksjon av utslipp \n\t\t\t\t<p>Initiativene omfatter lavutslippskj\u00f8ret\u00f8y, fjernarbeid og optimalisert logistikk og transport.<\/p>\n\t\t\t\tAvfallsh\u00e5ndtering \n\t\t\t\t<p>Omfattende resirkuleringsprogrammer og kompostering av organisk avfall reduserer belastningen p\u00e5 deponiene.<\/p>\n\t\t\t\tPapirl\u00f8s drift \n\t\t\t\t<p>Digitalisering av dokumenter og arbeidsflyter for \u00e5 minimere papirbruken.<\/p>\n\t\t\t\t Samarbeid med leverand\u00f8rer \n\t\t\t\t<p>Samarbeid med milj\u00f8bevisste leverand\u00f8rer og innsats for \u00e5 redusere emballasjeavfall.<\/p>\n\t\t\t\tMedarbeidernes bevissthet \n\t\t\t\t<p>Oppl\u00e6ring og workshops for \u00e5 fremme b\u00e6rekraftig praksis.<\/p>\n\t\t\t\tM\u00e5ling og rapportering \n\t\t\t\t<p>Overv\u00e5king av viktige milj\u00f8indikatorer.<\/p>\n\t\t\t\tEtterlevelse \n\t\t\t\t<p>Overholdelse av retningslinjer fra Milj\u00f8direktoratet og ECHA (Det europeiske kjemikaliebyr\u00e5et) for REACH- og CLP-regelverket.<\/p>\n\t\t\t\tSamarbeid med NEMS Panorama\n\t\t\t\t<p>Plattform som gir full oversikt og kontroll over b\u00e6rekraftsrapportering relatert til Scope 1-3 for NOS Group.<\/p>\n\t\t\t\tGr\u00f8nt Punkt &#038; Plastl\u00f8ftet \n\t\t\t\t<p>NOS Chemicals AS er medlem og f\u00f8lger aktivt med p\u00e5 initiativer for \u00f8kt bruk av resirkulert plast og forbedret emballasjedesign.<\/p>\n<h2>\n\t\t\tSosialt\t<\/h2>\n\t\t\t\tHealth &#038; Safety\n\t\t\t\t<p>Ukentlige driftsm\u00f8ter og den \u00e5rlige ledelsens gjennomgang overv\u00e5ker frav\u00e6r, hendelser og avvik. Korrigerende tiltak iverksettes hvis det avdekkes negative trender.<\/p>\n\t\t\t\tEquality\n\t\t\t\tAll employees shall be treated with respect and dignity, regardless of gender, cultural background, skin colour, religious affiliation, sexual orientation, or physical challenges.\n\t\t\t\tDecent Work &#038; Economic Growth\n\t\t\t\t\u00a0\nAligned with Norwegian labor laws and ethical standards. Suppliers sign our Code of Conduct Agreement to confirm their commitment to ethical standards and Norwegian laws, and international regulations. This ensures accountability and safe deliveries.\n\t\t\t\tWhistleblowing\n\t\t\t\tInternal reporting is encouraged. No retaliation policy. Professional handling of all complaints.\n<a href=\"https:\/\/www.nosas.no\/nb\/qa-miljo\/varsling\/\">Skjema for varsling av kritikkverdige forhold<\/a>\n\u00a0\n\u00a0\n\t\t\t\tEmployee Development\n\t\t\t\tTraining agreements, health insurance, dental care plans, and participation in sports and company activities.\n\u00a0\n\t\t\t\tUN Sustainable Development Goals (SDGs)\n\t\t\t\t\u00a0\nThe UN SDGs, established in 2015, aim for achievement by 2030 across social, economic, and environmental dimensions. NOS supports three priority goals:\n<ul>\n<li>God helse og velv\u00e6re<\/li>\n<li>Likestilling mellom kj\u00f8nnene<\/li>\n<li>Anstendig arbeid og \u00f8konomisk vekst<\/li>\n<\/ul>\n\u00a0\n\t\t\t\tNOS-initiativer i tr\u00e5d med b\u00e6rekraftsm\u00e5lene\n\t\t\t\t<strong>M\u00e5l 3: God helse og velv\u00e6re<\/strong>\n<ul>\n<li>M\u00e5nedlige KPI-gjennomganger<\/li>\n<li>HMS og bedriftshelsetjeneste<\/li>\n<li>Helse- og tannlegeavtaler<\/li>\n<li>Sponsing av idrett og konkurranser<\/li>\n<\/ul>\n\u00a0\n<strong>M\u00e5l 5: Likestilling mellom kj\u00f8nnene<\/strong>\n<ul>\n<li>Likebehandling uavhengig av bakgrunn<\/li>\n<li>Rettferdig kompensasjon<\/li>\n<li>M\u00e5l om \u00e5 \u00f8ke antall kvinner i lederroller<\/li>\n<\/ul>\n\u00a0\n<strong>M\u00e5l 8: Anstendig arbeid og \u00f8konomisk vekst<\/strong>\n<ul>\n<li>Etiske retningslinjer for ansatte og leverand\u00f8rer<\/li>\n<li>Bidrag til samfunns\u00f8konomisk vekst gjennom partnerskap og ringvirkninger<\/li>\n<\/ul>\n<h2>\n\t\t\tStyresett\t<\/h2>\n\t\t\t\tEtisk forretningsatferd\n\t\t\t\t<p>H\u00f8ye etiske standarder med nulltoleranse for korrupsjon eller trakassering. Det forventes respektfull oppf\u00f8rsel i hele organisasjonen.<\/p>\n\t\t\t\tEtikk for leverand\u00f8rer\n\t\t\t\t<p>Leverand\u00f8rene m\u00e5 overholde strenge standarder for etikk og menneskerettigheter.<\/p>\n\t\t\t\tRisikostyring\n\t\t\t\t<p>Strukturerte systemer for \u00e5 identifisere og rapportere risiko, med sterkt fokus p\u00e5 datasikkerhet og ansvarlig drift.<\/p>\n\t\t\t\tKvalitetspolitikk\n\t\t\t\t<p>Forpliktelse til ISO-sertifiseringer og kontinuerlig forbedring gjennom leverand\u00f8rsamarbeid.<\/p>\n\t\t\t\tAdferdskodeks\n\t\t\t\t<p>Outlines NOS&#8217; values, expectations, and daily norms. Applies to employees, management, contractors, consultants, and suppliers.<\/p>\n\t\t\t\tGenerell forpliktelse\n\t\t\t\t<p>NOS og datterselskapene har som m\u00e5l \u00e5 levere b\u00e6rekraftig verdi til kunder og interessenter ved \u00e5 tilby l\u00f8nnsomme og ansvarlige produkter og tjenester. Det er obligatorisk \u00e5 overholde lokale lover og selskapets retningslinjer.<\/p>\n\t\t\t\tBrudd p\u00e5 retningslinjene\n\t\t\t\t<p>Overtredelser m\u00e5 rapporteres til n\u00e6rmeste leder eller HR. Ingen gjengjeldelse. Brudd h\u00e5ndteres profesjonelt.<\/p>\n\t\t\t\tPersonlig oppf\u00f8rsel\n\t\t\t\t<p>Medarbeiderne m\u00e5 opptre lovlig og i tr\u00e5d med NOS' standarder, og vise respekt for mennesker og lokal kultur.<\/p>\n\t\t\t\tLov om \u00e5penhet\n\t\t\t\t<p>Medarbeiderne skal opptre i samsvar med norske lover og forskrifter, samt lover og forskrifter p\u00e5 stedet der de arbeider. I tillegg skal medarbeiderne f\u00f8lge NOS' standarder og vise respekt for enkeltpersoner og lokale kulturer.<\/p>","protected":false},"excerpt":{"rendered":"<p>QA &#038; Environment Our Principles Trust between customers and NOS Trust between employees and management Trust between suppliers and NOS Trust between authorities and NOS QHSSE Inquiry Environmental Energy Efficiency NOS has implemented energy-saving measures, including HVAC optimization, upgrades to energy-efficient lighting, and smart building automation systems to reduce overall consumption. Renewable Energy The company&hellip;<\/p>","protected":false},"author":1,"featured_media":0,"parent":0,"menu_order":22,"comment_status":"closed","ping_status":"closed","template":"","meta":{"_acf_changed":false,"footnotes":""},"selskap":[2],"class_list":["post-49","page","type-page","status-publish","hentry","selskap-nos-group"],"acf":[],"yoast_head":"<!-- This site is optimized with the Yoast SEO plugin v27.4 - https:\/\/yoast.com\/product\/yoast-seo-wordpress\/ -->\n<title>QA &amp; Environment - NOS Group<\/title>\n<meta name=\"robots\" content=\"index, follow, max-snippet:-1, max-image-preview:large, max-video-preview:-1\" \/>\n<link rel=\"canonical\" href=\"https:\/\/www.nosas.no\/nb\/qa-miljo\/\" \/>\n<meta property=\"og:locale\" content=\"nb_NO\" \/>\n<meta property=\"og:type\" content=\"article\" \/>\n<meta property=\"og:title\" content=\"QA &amp; Environment - NOS Group\" \/>\n<meta property=\"og:description\" content=\"QA &#038; Environment Our Principles Trust between customers and NOS Trust between employees and management Trust between suppliers and NOS Trust between authorities and NOS QHSSE Inquiry Environmental Energy Efficiency NOS has implemented energy-saving measures, including HVAC optimization, upgrades to energy-efficient lighting, and smart building automation systems to reduce overall consumption. Renewable Energy The company&hellip;\" \/>\n<meta property=\"og:url\" content=\"https:\/\/www.nosas.no\/nb\/qa-miljo\/\" \/>\n<meta property=\"og:site_name\" content=\"NOS Group\" \/>\n<meta property=\"article:modified_time\" content=\"2026-01-29T07:56:35+00:00\" \/>\n<meta property=\"og:image\" content=\"https:\/\/www.nosas.no\/wp-content\/uploads\/2025\/08\/NOS_Juni24_245.jpg\" \/>\n<meta name=\"twitter:card\" content=\"summary_large_image\" \/>\n<meta name=\"twitter:label1\" content=\"Ansl. lesetid\" \/>\n\t<meta name=\"twitter:data1\" content=\"4 minutter\" \/>\n<script type=\"application\/ld+json\" class=\"yoast-schema-graph\">{\"@context\":\"https:\\\/\\\/schema.org\",\"@graph\":[{\"@type\":\"WebPage\",\"@id\":\"https:\\\/\\\/www.nosas.no\\\/qa-environment\\\/\",\"url\":\"https:\\\/\\\/www.nosas.no\\\/qa-environment\\\/\",\"name\":\"QA & Environment - NOS Group\",\"isPartOf\":{\"@id\":\"https:\\\/\\\/www.nosas.no\\\/#website\"},\"primaryImageOfPage\":{\"@id\":\"https:\\\/\\\/www.nosas.no\\\/qa-environment\\\/#primaryimage\"},\"image\":{\"@id\":\"https:\\\/\\\/www.nosas.no\\\/qa-environment\\\/#primaryimage\"},\"thumbnailUrl\":\"https:\\\/\\\/www.nosas.no\\\/wp-content\\\/uploads\\\/2025\\\/08\\\/NOS_Juni24_245.jpg\",\"datePublished\":\"2025-06-12T11:43:41+00:00\",\"dateModified\":\"2026-01-29T07:56:35+00:00\",\"breadcrumb\":{\"@id\":\"https:\\\/\\\/www.nosas.no\\\/qa-environment\\\/#breadcrumb\"},\"inLanguage\":\"nb-NO\",\"potentialAction\":[{\"@type\":\"ReadAction\",\"target\":[\"https:\\\/\\\/www.nosas.no\\\/qa-environment\\\/\"]}]},{\"@type\":\"ImageObject\",\"inLanguage\":\"nb-NO\",\"@id\":\"https:\\\/\\\/www.nosas.no\\\/qa-environment\\\/#primaryimage\",\"url\":\"https:\\\/\\\/www.nosas.no\\\/wp-content\\\/uploads\\\/2025\\\/08\\\/NOS_Juni24_245.jpg\",\"contentUrl\":\"https:\\\/\\\/www.nosas.no\\\/wp-content\\\/uploads\\\/2025\\\/08\\\/NOS_Juni24_245.jpg\"},{\"@type\":\"BreadcrumbList\",\"@id\":\"https:\\\/\\\/www.nosas.no\\\/qa-environment\\\/#breadcrumb\",\"itemListElement\":[{\"@type\":\"ListItem\",\"position\":1,\"name\":\"Home\",\"item\":\"https:\\\/\\\/www.nosas.no\\\/\"},{\"@type\":\"ListItem\",\"position\":2,\"name\":\"QA &#038; Environment\"}]},{\"@type\":\"WebSite\",\"@id\":\"https:\\\/\\\/www.nosas.no\\\/#website\",\"url\":\"https:\\\/\\\/www.nosas.no\\\/\",\"name\":\"NOS Group\",\"description\":\"We connect specialised companies to deliver smarter, seamless solutions.\",\"potentialAction\":[{\"@type\":\"SearchAction\",\"target\":{\"@type\":\"EntryPoint\",\"urlTemplate\":\"https:\\\/\\\/www.nosas.no\\\/?s={search_term_string}\"},\"query-input\":{\"@type\":\"PropertyValueSpecification\",\"valueRequired\":true,\"valueName\":\"search_term_string\"}}],\"inLanguage\":\"nb-NO\"}]}<\/script>\n<!-- \/ Yoast SEO plugin. -->","yoast_head_json":{"title":"Kvalitetssikring og milj\u00f8 - NOS Group","robots":{"index":"index","follow":"follow","max-snippet":"max-snippet:-1","max-image-preview":"max-image-preview:large","max-video-preview":"max-video-preview:-1"},"canonical":"https:\/\/www.nosas.no\/nb\/qa-miljo\/","og_locale":"nb_NO","og_type":"article","og_title":"QA & Environment - NOS Group","og_description":"QA &#038; Environment Our Principles Trust between customers and NOS Trust between employees and management Trust between suppliers and NOS Trust between authorities and NOS QHSSE Inquiry Environmental Energy Efficiency NOS has implemented energy-saving measures, including HVAC optimization, upgrades to energy-efficient lighting, and smart building automation systems to reduce overall consumption. Renewable Energy The company&hellip;","og_url":"https:\/\/www.nosas.no\/nb\/qa-miljo\/","og_site_name":"NOS Group","article_modified_time":"2026-01-29T07:56:35+00:00","og_image":[{"url":"https:\/\/www.nosas.no\/wp-content\/uploads\/2025\/08\/NOS_Juni24_245.jpg","type":"","width":"","height":""}],"twitter_card":"summary_large_image","twitter_misc":{"Ansl. lesetid":"4 minutter"},"schema":{"@context":"https:\/\/schema.org","@graph":[{"@type":"WebPage","@id":"https:\/\/www.nosas.no\/qa-environment\/","url":"https:\/\/www.nosas.no\/qa-environment\/","name":"Kvalitetssikring og milj\u00f8 - NOS Group","isPartOf":{"@id":"https:\/\/www.nosas.no\/#website"},"primaryImageOfPage":{"@id":"https:\/\/www.nosas.no\/qa-environment\/#primaryimage"},"image":{"@id":"https:\/\/www.nosas.no\/qa-environment\/#primaryimage"},"thumbnailUrl":"https:\/\/www.nosas.no\/wp-content\/uploads\/2025\/08\/NOS_Juni24_245.jpg","datePublished":"2025-06-12T11:43:41+00:00","dateModified":"2026-01-29T07:56:35+00:00","breadcrumb":{"@id":"https:\/\/www.nosas.no\/qa-environment\/#breadcrumb"},"inLanguage":"nb-NO","potentialAction":[{"@type":"ReadAction","target":["https:\/\/www.nosas.no\/qa-environment\/"]}]},{"@type":"ImageObject","inLanguage":"nb-NO","@id":"https:\/\/www.nosas.no\/qa-environment\/#primaryimage","url":"https:\/\/www.nosas.no\/wp-content\/uploads\/2025\/08\/NOS_Juni24_245.jpg","contentUrl":"https:\/\/www.nosas.no\/wp-content\/uploads\/2025\/08\/NOS_Juni24_245.jpg"},{"@type":"BreadcrumbList","@id":"https:\/\/www.nosas.no\/qa-environment\/#breadcrumb","itemListElement":[{"@type":"ListItem","position":1,"name":"Home","item":"https:\/\/www.nosas.no\/"},{"@type":"ListItem","position":2,"name":"QA &#038; Environment"}]},{"@type":"WebSite","@id":"https:\/\/www.nosas.no\/#website","url":"https:\/\/www.nosas.no\/","name":"NOS Group","description":"Vi kobler sammen spesialiserte selskaper for \u00e5 levere smartere, s\u00f8ml\u00f8se l\u00f8sninger.","potentialAction":[{"@type":"SearchAction","target":{"@type":"EntryPoint","urlTemplate":"https:\/\/www.nosas.no\/?s={search_term_string}"},"query-input":{"@type":"PropertyValueSpecification","valueRequired":true,"valueName":"search_term_string"}}],"inLanguage":"nb-NO"}]}},"_links":{"self":[{"href":"https:\/\/www.nosas.no\/nb\/wp-json\/wp\/v2\/pages\/49","targetHints":{"allow":["GET"]}}],"collection":[{"href":"https:\/\/www.nosas.no\/nb\/wp-json\/wp\/v2\/pages"}],"about":[{"href":"https:\/\/www.nosas.no\/nb\/wp-json\/wp\/v2\/types\/page"}],"author":[{"embeddable":true,"href":"https:\/\/www.nosas.no\/nb\/wp-json\/wp\/v2\/users\/1"}],"replies":[{"embeddable":true,"href":"https:\/\/www.nosas.no\/nb\/wp-json\/wp\/v2\/comments?post=49"}],"version-history":[{"count":11,"href":"https:\/\/www.nosas.no\/nb\/wp-json\/wp\/v2\/pages\/49\/revisions"}],"predecessor-version":[{"id":1965,"href":"https:\/\/www.nosas.no\/nb\/wp-json\/wp\/v2\/pages\/49\/revisions\/1965"}],"wp:attachment":[{"href":"https:\/\/www.nosas.no\/nb\/wp-json\/wp\/v2\/media?parent=49"}],"wp:term":[{"taxonomy":"selskap","embeddable":true,"href":"https:\/\/www.nosas.no\/nb\/wp-json\/wp\/v2\/selskap?post=49"}],"curies":[{"name":"wp","href":"https:\/\/api.w.org\/{rel}","templated":true}]}}