{"id":876,"date":"2025-09-22T10:52:54","date_gmt":"2025-09-22T08:52:54","guid":{"rendered":"https:\/\/www-nosas.wp1.hcweb.dev\/?page_id=876"},"modified":"2026-01-29T08:57:11","modified_gmt":"2026-01-29T07:57:11","slug":"attester","status":"publish","type":"page","link":"https:\/\/www.nosas.no\/nb\/certificates\/","title":{"rendered":"Sertifikater"},"content":{"rendered":"<h1>\n\t\t\t\t<\/h1>\n\t<p>NOS-konsernet har et sertifisert styringssystem for helse, milj\u00f8, sikkerhet og kvalitet (HSEQ), som sikrer h\u00f8ye standarder og kontinuerlig forbedring i hele organisasjonen.<\/p>\n<p>Sertifiseringene v\u00e5re viser at vi overholder anerkjente internasjonale standarder, og gir ansatte, partnere og kunder trygghet.<\/p>\n<p>Sertifikatene er utstedt av <a href=\"https:\/\/www.nemko.com\/no\/\" target=\"_blank\" rel=\"noopener\">NEMKO Scandinavia AS<\/a> v\u00e5r mange\u00e5rige partner, som gjennomf\u00f8rer \u00e5rlige revisjoner og st\u00f8tter den l\u00f8pende utviklingen av styringssystemene v\u00e5re.<\/p>\n\t<p>Du kan laste ned PDF-filer p\u00e5 v\u00e5r <a href=\"https:\/\/www.nosas.no\/nb\/dokumenter\/\">Dokumentsiden.<\/a><\/p>\n\t\t\t\t<a\n\t\t\thref=\"https:\/\/www.nosas.no\/wp-content\/uploads\/2025\/09\/Quality_policy__page_1-1024x709.png\"\n\t\t\t\t\t\tdata-fancybox=\"images\" \n\t\t\ttitle=\"Kvalitetspolicy__side_1\" \n\t\t\t\t\t\tdata-caption=\"Quality_policy__page_1\"\n\t\t\t\t\t\tdata-description=\"Quality_policy\" \n\t\t\titemprop=\"contentUrl\">\n\t\t\t<img decoding=\"async\" src=\"https:\/\/www.nosas.no\/wp-content\/uploads\/2025\/09\/Quality_policy__page_1-1536x1063.png\" alt=\"\" data-no-lazy=\"1\" itemprop=\"thumbnail\" width=\"1536\" height=\"1063\" \/>\n\t\t\t<!-- Overlay Wrapper -->\n\t\t\t <!-- Overlay Wrapper Closed -->\n\t\t\t\t<\/a>\n\t\t\t\t\t\t\t<meta itemprop=\"width\" content=\"1536\" \/>\n\t\t\t<meta itemprop=\"height\" content=\"1063\" \/>\n\t\t\t\t<a\n\t\t\thref=\"https:\/\/www.nosas.no\/wp-content\/uploads\/2025\/09\/Occupational_health_and_safety__Policy_page_1-1024x709.png\"\n\t\t\t\t\t\tdata-fancybox=\"images\" \n\t\t\ttitle=\"Arbeidshelse_og_sikkerhet_policy_side_1\" \n\t\t\t\t\t\tdata-caption=\"Occupational_health_and_safety__Policy_page_1\"\n\t\t\t\t\t\tdata-description=\"Occupational_health_and_safety__Policy\" \n\t\t\titemprop=\"contentUrl\">\n\t\t\t<img decoding=\"async\" src=\"https:\/\/www.nosas.no\/wp-content\/uploads\/2025\/09\/Occupational_health_and_safety__Policy_page_1-1536x1063.png\" alt=\"\" data-no-lazy=\"1\" itemprop=\"thumbnail\" width=\"1536\" height=\"1063\" \/>\n\t\t\t<!-- Overlay Wrapper -->\n\t\t\t <!-- Overlay Wrapper Closed -->\n\t\t\t\t<\/a>\n\t\t\t\t\t\t\t<meta itemprop=\"width\" content=\"1536\" \/>\n\t\t\t<meta itemprop=\"height\" content=\"1063\" \/>\n\t\t\t\t<a\n\t\t\thref=\"https:\/\/www.nosas.no\/wp-content\/uploads\/2025\/09\/Environment__Climate_policy__page_1-1024x709.png\"\n\t\t\t\t\t\tdata-fancybox=\"images\" \n\t\t\ttitle=\"Milj\u00f8-_og_klimapolitikk__side_1\" \n\t\t\t\t\t\tdata-caption=\"Environment_&amp;_Climate_policy__page_1\"\n\t\t\t\t\t\tdata-description=\"Environment_&amp;_Climate_policy__page_1\" \n\t\t\titemprop=\"contentUrl\">\n\t\t\t<img decoding=\"async\" src=\"https:\/\/www.nosas.no\/wp-content\/uploads\/2025\/09\/Environment__Climate_policy__page_1-1536x1063.png\" alt=\"\" data-no-lazy=\"1\" itemprop=\"thumbnail\" width=\"1536\" height=\"1063\" \/>\n\t\t\t<!-- Overlay Wrapper -->\n\t\t\t <!-- Overlay Wrapper Closed -->\n\t\t\t\t<\/a>\n\t\t\t\t\t\t\t<meta itemprop=\"width\" content=\"1536\" \/>\n\t\t\t<meta itemprop=\"height\" content=\"1063\" \/>\n\t\t\t\t<a\n\t\t\thref=\"https:\/\/www.nosas.no\/wp-content\/uploads\/2025\/09\/ISO_9001-2015_Iqnet_NOS-Group_page_1-724x1024.png\"\n\t\t\t\t\t\tdata-fancybox=\"images\" \n\t\t\ttitle=\"ISO_9001-2015_Iqnet_NOS-Group_page_1\" \n\t\t\t\t\t\tdata-caption=\"ISO_9001-2015_Iqnet_NOS-Group_page_1\"\n\t\t\t\t\t\tdata-description=\"ISO_9001-2015_Iqnet_NOS-Group_page_1\" \n\t\t\titemprop=\"contentUrl\">\n\t\t\t<img decoding=\"async\" src=\"https:\/\/www.nosas.no\/wp-content\/uploads\/2025\/09\/ISO_9001-2015_Iqnet_NOS-Group_page_1-1086x1536.png\" alt=\"\" data-no-lazy=\"1\" itemprop=\"thumbnail\" width=\"1086\" height=\"1536\" \/>\n\t\t\t<!-- Overlay Wrapper -->\n\t\t\t <!-- Overlay Wrapper Closed -->\n\t\t\t\t<\/a>\n\t\t\t\t\t\t\t<meta itemprop=\"width\" content=\"1086\" \/>\n\t\t\t<meta itemprop=\"height\" content=\"1536\" \/>\n\t\t\t\t<a\n\t\t\thref=\"https:\/\/www.nosas.no\/wp-content\/uploads\/2025\/09\/ISO_45001-2023_Iqnet_NOS-Group_page_1-724x1024.png\"\n\t\t\t\t\t\tdata-fancybox=\"images\" \n\t\t\ttitle=\"ISO_45001-2023_Iqnet_NOS-Group_page_1\" \n\t\t\t\t\t\tdata-caption=\"ISO_45001-2023_Iqnet_NOS-Group_page_1\"\n\t\t\t\t\t\tdata-description=\"ISO_45001-2023_Iqnet_NOS-Group_page_1\" \n\t\t\titemprop=\"contentUrl\">\n\t\t\t<img decoding=\"async\" src=\"https:\/\/www.nosas.no\/wp-content\/uploads\/2025\/09\/ISO_45001-2023_Iqnet_NOS-Group_page_1-1086x1536.png\" alt=\"\" data-no-lazy=\"1\" itemprop=\"thumbnail\" width=\"1086\" height=\"1536\" \/>\n\t\t\t<!-- Overlay Wrapper -->\n\t\t\t <!-- Overlay Wrapper Closed -->\n\t\t\t\t<\/a>\n\t\t\t\t\t\t\t<meta itemprop=\"width\" content=\"1086\" \/>\n\t\t\t<meta itemprop=\"height\" content=\"1536\" \/>\n\t\t\t\t<a\n\t\t\thref=\"https:\/\/www.nosas.no\/wp-content\/uploads\/2025\/09\/ISO_14001-2015_iqnet_NOS-Group_page_1-724x1024.png\"\n\t\t\t\t\t\tdata-fancybox=\"images\" \n\t\t\ttitle=\"ISO_14001-2015_iqnet_NOS-Group_page_1\" \n\t\t\t\t\t\tdata-caption=\"ISO_14001-2015_iqnet_NOS-Group_page_1\"\n\t\t\t\t\t\tdata-description=\"ISO_14001-2015_iqnet_NOS-Group_page_1\" \n\t\t\titemprop=\"contentUrl\">\n\t\t\t<img decoding=\"async\" src=\"https:\/\/www.nosas.no\/wp-content\/uploads\/2025\/09\/ISO_14001-2015_iqnet_NOS-Group_page_1-1086x1536.png\" alt=\"\" data-no-lazy=\"1\" itemprop=\"thumbnail\" width=\"1086\" height=\"1536\" \/>\n\t\t\t<!-- Overlay Wrapper -->\n\t\t\t <!-- Overlay Wrapper Closed -->\n\t\t\t\t<\/a>\n\t\t\t\t\t\t\t<meta itemprop=\"width\" content=\"1086\" \/>\n\t\t\t<meta itemprop=\"height\" content=\"1536\" \/>\n\t<p>NOS Group has developed clear policies for quality, environment, and working environment to ensure responsible operations, safety, and continuous improvement. Our policies are not just documents-they are guiding principles that reflect our commitment to customer satisfaction, employee well-being, and sustainable development. They help us make the right decisions, comply with laws and standards, and create value for employees, customers, and the community around us<\/p>\n\t\t\t\t<a\n\t\t\thref=\"https:\/\/www.nosas.no\/wp-content\/uploads\/2025\/09\/ISO_14001-2015_iqnet_NOS-Group_page_2-724x1024.png\"\n\t\t\t\t\t\tdata-fancybox=\"images\" \n\t\t\ttitle=\"ISO_14001-2015_iqnet_NOS-Group_page_2\" \n\t\t\t\t\t\tdata-caption=\"ISO_14001-2015_iqnet_NOS-Group_page_2.png\"\n\t\t\t\t\t\tdata-description=\"ISO_14001-2015_iqnet_NOS-Group_page_2\" \n\t\t\titemprop=\"contentUrl\">\n\t\t\t<img decoding=\"async\" src=\"https:\/\/www.nosas.no\/wp-content\/uploads\/2025\/09\/ISO_14001-2015_iqnet_NOS-Group_page_2-1086x1536.png\" alt=\"\" data-no-lazy=\"1\" itemprop=\"thumbnail\" width=\"1086\" height=\"1536\" \/>\n\t\t\t<!-- Overlay Wrapper -->\n\t\t\t <!-- Overlay Wrapper Closed -->\n\t\t\t\t<\/a>\n\t\t\t\t\t\t\t<meta itemprop=\"width\" content=\"1086\" \/>\n\t\t\t<meta itemprop=\"height\" content=\"1536\" \/>\n\t\t\t\t<a\n\t\t\thref=\"https:\/\/www.nosas.no\/wp-content\/uploads\/2025\/09\/ISO_45001-2023_Iqnet_NOS-Group_page_2-724x1024.png\"\n\t\t\t\t\t\tdata-fancybox=\"images\" \n\t\t\ttitle=\"ISO_45001-2023_Iqnet_NOS-Group_page_2\" \n\t\t\t\t\t\tdata-caption=\"ISO_45001-2023_Iqnet_NOS-Group_page_2\"\n\t\t\t\t\t\tdata-description=\"ISO_45001-2023_Iqnet_NOS-Group_page_2\" \n\t\t\titemprop=\"contentUrl\">\n\t\t\t<img decoding=\"async\" src=\"https:\/\/www.nosas.no\/wp-content\/uploads\/2025\/09\/ISO_45001-2023_Iqnet_NOS-Group_page_2-1086x1536.png\" alt=\"\" data-no-lazy=\"1\" itemprop=\"thumbnail\" width=\"1086\" height=\"1536\" \/>\n\t\t\t<!-- Overlay Wrapper -->\n\t\t\t <!-- Overlay Wrapper Closed -->\n\t\t\t\t<\/a>\n\t\t\t\t\t\t\t<meta itemprop=\"width\" content=\"1086\" \/>\n\t\t\t<meta itemprop=\"height\" content=\"1536\" \/>\n\t<h2>\n\t\t\tV\u00e5re prinsipper\t<\/h2>\n\t<p>Tillit mellom kunder og NOS<\/p>\n\t<p>Tillit mellom ansatte og ledelse<\/p>\n\t<p>Tillit mellom leverand\u00f8rer og NOS<\/p>\n\t<p>Tillit mellom myndighetene og NOS<\/p>\n\t\t\t<a href=\"#QHSSE_Inquiry\"  target=\"_self\">\n\t\t\t\t\t\t\tQHSSE-foresp\u00f8rsel\n\t\t\t\t\t<\/a>","protected":false},"excerpt":{"rendered":"<p>NOS Group operates a certified management system for Health, Safety, Environment, and Quality (HSEQ), ensuring high standards and continuous improvement across the organization. Our certifications demonstrate compliance with recognized international standards and provide assurance to employees, partners, and customers. The certificates are issued by NEMKO Scandinavia AS our long-standing partner, who conducts annual audits and&hellip;<\/p>","protected":false},"author":1,"featured_media":0,"parent":0,"menu_order":34,"comment_status":"closed","ping_status":"closed","template":"","meta":{"_acf_changed":false,"footnotes":""},"selskap":[2],"class_list":["post-876","page","type-page","status-publish","hentry","selskap-nos-group"],"acf":[],"yoast_head":"<!-- This site is optimized with the Yoast SEO plugin v27.5 - https:\/\/yoast.com\/product\/yoast-seo-wordpress\/ -->\n<title>Certificates - NOS Group<\/title>\n<meta name=\"robots\" content=\"index, follow, max-snippet:-1, max-image-preview:large, max-video-preview:-1\" \/>\n<link rel=\"canonical\" href=\"https:\/\/www.nosas.no\/nb\/attester\/\" \/>\n<meta property=\"og:locale\" content=\"nb_NO\" \/>\n<meta property=\"og:type\" content=\"article\" \/>\n<meta property=\"og:title\" content=\"Certificates - NOS Group\" \/>\n<meta property=\"og:description\" content=\"NOS Group operates a certified management system for Health, Safety, Environment, and Quality (HSEQ), ensuring high standards and continuous improvement across the organization. Our certifications demonstrate compliance with recognized international standards and provide assurance to employees, partners, and customers. The certificates are issued by NEMKO Scandinavia AS our long-standing partner, who conducts annual audits and&hellip;\" \/>\n<meta property=\"og:url\" content=\"https:\/\/www.nosas.no\/nb\/attester\/\" \/>\n<meta property=\"og:site_name\" content=\"NOS Group\" \/>\n<meta property=\"article:modified_time\" content=\"2026-01-29T07:57:11+00:00\" \/>\n<meta property=\"og:image\" content=\"https:\/\/www.nosas.no\/wp-content\/uploads\/2025\/09\/Quality_policy__page_1-1536x1063.png\" \/>\n<meta name=\"twitter:card\" content=\"summary_large_image\" \/>\n<meta name=\"twitter:label1\" content=\"Ansl. lesetid\" \/>\n\t<meta name=\"twitter:data1\" content=\"3 minutter\" \/>\n<script type=\"application\/ld+json\" class=\"yoast-schema-graph\">{\"@context\":\"https:\\\/\\\/schema.org\",\"@graph\":[{\"@type\":\"WebPage\",\"@id\":\"https:\\\/\\\/www.nosas.no\\\/certificates\\\/\",\"url\":\"https:\\\/\\\/www.nosas.no\\\/certificates\\\/\",\"name\":\"Certificates - NOS Group\",\"isPartOf\":{\"@id\":\"https:\\\/\\\/www.nosas.no\\\/#website\"},\"primaryImageOfPage\":{\"@id\":\"https:\\\/\\\/www.nosas.no\\\/certificates\\\/#primaryimage\"},\"image\":{\"@id\":\"https:\\\/\\\/www.nosas.no\\\/certificates\\\/#primaryimage\"},\"thumbnailUrl\":\"https:\\\/\\\/www.nosas.no\\\/wp-content\\\/uploads\\\/2025\\\/09\\\/Quality_policy__page_1-1536x1063.png\",\"datePublished\":\"2025-09-22T08:52:54+00:00\",\"dateModified\":\"2026-01-29T07:57:11+00:00\",\"breadcrumb\":{\"@id\":\"https:\\\/\\\/www.nosas.no\\\/certificates\\\/#breadcrumb\"},\"inLanguage\":\"nb-NO\",\"potentialAction\":[{\"@type\":\"ReadAction\",\"target\":[\"https:\\\/\\\/www.nosas.no\\\/certificates\\\/\"]}]},{\"@type\":\"ImageObject\",\"inLanguage\":\"nb-NO\",\"@id\":\"https:\\\/\\\/www.nosas.no\\\/certificates\\\/#primaryimage\",\"url\":\"https:\\\/\\\/www.nosas.no\\\/wp-content\\\/uploads\\\/2025\\\/09\\\/Quality_policy__page_1-1536x1063.png\",\"contentUrl\":\"https:\\\/\\\/www.nosas.no\\\/wp-content\\\/uploads\\\/2025\\\/09\\\/Quality_policy__page_1-1536x1063.png\"},{\"@type\":\"BreadcrumbList\",\"@id\":\"https:\\\/\\\/www.nosas.no\\\/certificates\\\/#breadcrumb\",\"itemListElement\":[{\"@type\":\"ListItem\",\"position\":1,\"name\":\"Home\",\"item\":\"https:\\\/\\\/www.nosas.no\\\/\"},{\"@type\":\"ListItem\",\"position\":2,\"name\":\"Certificates\"}]},{\"@type\":\"WebSite\",\"@id\":\"https:\\\/\\\/www.nosas.no\\\/#website\",\"url\":\"https:\\\/\\\/www.nosas.no\\\/\",\"name\":\"NOS Group\",\"description\":\"We connect specialised companies to deliver smarter, seamless solutions.\",\"potentialAction\":[{\"@type\":\"SearchAction\",\"target\":{\"@type\":\"EntryPoint\",\"urlTemplate\":\"https:\\\/\\\/www.nosas.no\\\/?s={search_term_string}\"},\"query-input\":{\"@type\":\"PropertyValueSpecification\",\"valueRequired\":true,\"valueName\":\"search_term_string\"}}],\"inLanguage\":\"nb-NO\"}]}<\/script>\n<!-- \/ Yoast SEO plugin. -->","yoast_head_json":{"title":"Sertifikater - NOS Group","robots":{"index":"index","follow":"follow","max-snippet":"max-snippet:-1","max-image-preview":"max-image-preview:large","max-video-preview":"max-video-preview:-1"},"canonical":"https:\/\/www.nosas.no\/nb\/attester\/","og_locale":"nb_NO","og_type":"article","og_title":"Certificates - NOS Group","og_description":"NOS Group operates a certified management system for Health, Safety, Environment, and Quality (HSEQ), ensuring high standards and continuous improvement across the organization. Our certifications demonstrate compliance with recognized international standards and provide assurance to employees, partners, and customers. The certificates are issued by NEMKO Scandinavia AS our long-standing partner, who conducts annual audits and&hellip;","og_url":"https:\/\/www.nosas.no\/nb\/attester\/","og_site_name":"NOS Group","article_modified_time":"2026-01-29T07:57:11+00:00","og_image":[{"url":"https:\/\/www.nosas.no\/wp-content\/uploads\/2025\/09\/Quality_policy__page_1-1536x1063.png","type":"","width":"","height":""}],"twitter_card":"summary_large_image","twitter_misc":{"Ansl. lesetid":"3 minutter"},"schema":{"@context":"https:\/\/schema.org","@graph":[{"@type":"WebPage","@id":"https:\/\/www.nosas.no\/certificates\/","url":"https:\/\/www.nosas.no\/certificates\/","name":"Sertifikater - NOS Group","isPartOf":{"@id":"https:\/\/www.nosas.no\/#website"},"primaryImageOfPage":{"@id":"https:\/\/www.nosas.no\/certificates\/#primaryimage"},"image":{"@id":"https:\/\/www.nosas.no\/certificates\/#primaryimage"},"thumbnailUrl":"https:\/\/www.nosas.no\/wp-content\/uploads\/2025\/09\/Quality_policy__page_1-1536x1063.png","datePublished":"2025-09-22T08:52:54+00:00","dateModified":"2026-01-29T07:57:11+00:00","breadcrumb":{"@id":"https:\/\/www.nosas.no\/certificates\/#breadcrumb"},"inLanguage":"nb-NO","potentialAction":[{"@type":"ReadAction","target":["https:\/\/www.nosas.no\/certificates\/"]}]},{"@type":"ImageObject","inLanguage":"nb-NO","@id":"https:\/\/www.nosas.no\/certificates\/#primaryimage","url":"https:\/\/www.nosas.no\/wp-content\/uploads\/2025\/09\/Quality_policy__page_1-1536x1063.png","contentUrl":"https:\/\/www.nosas.no\/wp-content\/uploads\/2025\/09\/Quality_policy__page_1-1536x1063.png"},{"@type":"BreadcrumbList","@id":"https:\/\/www.nosas.no\/certificates\/#breadcrumb","itemListElement":[{"@type":"ListItem","position":1,"name":"Home","item":"https:\/\/www.nosas.no\/"},{"@type":"ListItem","position":2,"name":"Certificates"}]},{"@type":"WebSite","@id":"https:\/\/www.nosas.no\/#website","url":"https:\/\/www.nosas.no\/","name":"NOS Group","description":"Vi kobler sammen spesialiserte selskaper for \u00e5 levere smartere, s\u00f8ml\u00f8se l\u00f8sninger.","potentialAction":[{"@type":"SearchAction","target":{"@type":"EntryPoint","urlTemplate":"https:\/\/www.nosas.no\/?s={search_term_string}"},"query-input":{"@type":"PropertyValueSpecification","valueRequired":true,"valueName":"search_term_string"}}],"inLanguage":"nb-NO"}]}},"_links":{"self":[{"href":"https:\/\/www.nosas.no\/nb\/wp-json\/wp\/v2\/pages\/876","targetHints":{"allow":["GET"]}}],"collection":[{"href":"https:\/\/www.nosas.no\/nb\/wp-json\/wp\/v2\/pages"}],"about":[{"href":"https:\/\/www.nosas.no\/nb\/wp-json\/wp\/v2\/types\/page"}],"author":[{"embeddable":true,"href":"https:\/\/www.nosas.no\/nb\/wp-json\/wp\/v2\/users\/1"}],"replies":[{"embeddable":true,"href":"https:\/\/www.nosas.no\/nb\/wp-json\/wp\/v2\/comments?post=876"}],"version-history":[{"count":11,"href":"https:\/\/www.nosas.no\/nb\/wp-json\/wp\/v2\/pages\/876\/revisions"}],"predecessor-version":[{"id":1966,"href":"https:\/\/www.nosas.no\/nb\/wp-json\/wp\/v2\/pages\/876\/revisions\/1966"}],"wp:attachment":[{"href":"https:\/\/www.nosas.no\/nb\/wp-json\/wp\/v2\/media?parent=876"}],"wp:term":[{"taxonomy":"selskap","embeddable":true,"href":"https:\/\/www.nosas.no\/nb\/wp-json\/wp\/v2\/selskap?post=876"}],"curies":[{"name":"wp","href":"https:\/\/api.w.org\/{rel}","templated":true}]}}