{"id":11630,"date":"2026-04-15T13:58:36","date_gmt":"2026-04-15T11:58:36","guid":{"rendered":"https:\/\/www-nosas.wp1.hcweb.dev\/?post_type=product&#038;p=11630"},"modified":"2026-04-29T10:24:48","modified_gmt":"2026-04-29T08:24:48","slug":"nos-cf-pumpe-45kw","status":"publish","type":"product","link":"https:\/\/www.nosas.no\/nb\/product\/nos-cf-pump-45kw\/","title":{"rendered":"NOS-CF-PUMP-45kw"},"content":{"rendered":"<p>Sentrifugalpumpeenhet i DNV 2.7-1 ramme.<\/p>\n<p>Sertifisert for bruk i ATEX Sone 1<\/p>","protected":false},"excerpt":{"rendered":"<p>Sentrifugalpumpe for ATEX-sone 1<\/p>","protected":false},"featured_media":11743,"template":"","meta":{"_acf_changed":false},"product_brand":[],"product_cat":[77],"product_tag":[57],"class_list":{"0":"post-11630","1":"product","2":"type-product","3":"status-publish","4":"has-post-thumbnail","6":"product_cat-el-driven-pumps","7":"product_tag-cf","9":"first","10":"instock","11":"shipping-taxable","12":"product-type-simple"},"acf":[],"yoast_head":"<!-- This site is optimized with the Yoast SEO plugin v27.6 - https:\/\/yoast.com\/product\/yoast-seo-wordpress\/ -->\n<title>NOS-CF-PUMP-45kw - NOS Group<\/title>\n<meta name=\"robots\" content=\"index, follow, max-snippet:-1, max-image-preview:large, max-video-preview:-1\" \/>\n<link rel=\"canonical\" href=\"https:\/\/www.nosas.no\/nb\/produkt\/nos-cf-pumpe-45kw\/\" \/>\n<meta property=\"og:locale\" content=\"nb_NO\" \/>\n<meta property=\"og:type\" content=\"article\" \/>\n<meta property=\"og:title\" content=\"NOS-CF-PUMP-45kw - NOS Group\" \/>\n<meta property=\"og:description\" content=\"ATEX Zone 1 centrifugal pump\" \/>\n<meta property=\"og:url\" content=\"https:\/\/www.nosas.no\/nb\/produkt\/nos-cf-pumpe-45kw\/\" \/>\n<meta property=\"og:site_name\" content=\"NOS Group\" \/>\n<meta property=\"article:modified_time\" content=\"2026-04-29T08:24:48+00:00\" \/>\n<meta property=\"og:image\" content=\"https:\/\/www.nosas.no\/wp-content\/uploads\/2026\/04\/Picture2.png\" \/>\n\t<meta property=\"og:image:width\" content=\"345\" \/>\n\t<meta property=\"og:image:height\" content=\"342\" \/>\n\t<meta property=\"og:image:type\" content=\"image\/png\" \/>\n<meta name=\"twitter:card\" content=\"summary_large_image\" \/>\n<meta name=\"twitter:label1\" content=\"Ansl. lesetid\" \/>\n\t<meta name=\"twitter:data1\" content=\"1 minutt\" \/>\n<script type=\"application\/ld+json\" class=\"yoast-schema-graph\">{\"@context\":\"https:\\\/\\\/schema.org\",\"@graph\":[{\"@type\":\"WebPage\",\"@id\":\"https:\\\/\\\/www.nosas.no\\\/product\\\/nos-cf-pump-45kw\\\/\",\"url\":\"https:\\\/\\\/www.nosas.no\\\/product\\\/nos-cf-pump-45kw\\\/\",\"name\":\"NOS-CF-PUMP-45kw - NOS Group\",\"isPartOf\":{\"@id\":\"https:\\\/\\\/www.nosas.no\\\/#website\"},\"primaryImageOfPage\":{\"@id\":\"https:\\\/\\\/www.nosas.no\\\/product\\\/nos-cf-pump-45kw\\\/#primaryimage\"},\"image\":{\"@id\":\"https:\\\/\\\/www.nosas.no\\\/product\\\/nos-cf-pump-45kw\\\/#primaryimage\"},\"thumbnailUrl\":\"https:\\\/\\\/www.nosas.no\\\/wp-content\\\/uploads\\\/2026\\\/04\\\/Picture2.png\",\"datePublished\":\"2026-04-15T11:58:36+00:00\",\"dateModified\":\"2026-04-29T08:24:48+00:00\",\"breadcrumb\":{\"@id\":\"https:\\\/\\\/www.nosas.no\\\/product\\\/nos-cf-pump-45kw\\\/#breadcrumb\"},\"inLanguage\":\"nb-NO\",\"potentialAction\":[{\"@type\":\"ReadAction\",\"target\":[\"https:\\\/\\\/www.nosas.no\\\/product\\\/nos-cf-pump-45kw\\\/\"]}]},{\"@type\":\"ImageObject\",\"inLanguage\":\"nb-NO\",\"@id\":\"https:\\\/\\\/www.nosas.no\\\/product\\\/nos-cf-pump-45kw\\\/#primaryimage\",\"url\":\"https:\\\/\\\/www.nosas.no\\\/wp-content\\\/uploads\\\/2026\\\/04\\\/Picture2.png\",\"contentUrl\":\"https:\\\/\\\/www.nosas.no\\\/wp-content\\\/uploads\\\/2026\\\/04\\\/Picture2.png\",\"width\":345,\"height\":342},{\"@type\":\"BreadcrumbList\",\"@id\":\"https:\\\/\\\/www.nosas.no\\\/product\\\/nos-cf-pump-45kw\\\/#breadcrumb\",\"itemListElement\":[{\"@type\":\"ListItem\",\"position\":1,\"name\":\"Home\",\"item\":\"https:\\\/\\\/www.nosas.no\\\/\"},{\"@type\":\"ListItem\",\"position\":2,\"name\":\"Rental Products\",\"item\":\"https:\\\/\\\/www.nosas.no\\\/nos-rental\\\/products\\\/\"},{\"@type\":\"ListItem\",\"position\":3,\"name\":\"NOS-CF-PUMP-45kw\"}]},{\"@type\":\"WebSite\",\"@id\":\"https:\\\/\\\/www.nosas.no\\\/#website\",\"url\":\"https:\\\/\\\/www.nosas.no\\\/\",\"name\":\"NOS Group\",\"description\":\"We connect specialised companies to deliver smarter, seamless solutions.\",\"potentialAction\":[{\"@type\":\"SearchAction\",\"target\":{\"@type\":\"EntryPoint\",\"urlTemplate\":\"https:\\\/\\\/www.nosas.no\\\/?s={search_term_string}\"},\"query-input\":{\"@type\":\"PropertyValueSpecification\",\"valueRequired\":true,\"valueName\":\"search_term_string\"}}],\"inLanguage\":\"nb-NO\"}]}<\/script>\n<!-- \/ Yoast SEO plugin. -->","yoast_head_json":{"title":"NOS-CF-PUMP-45kw - NOS Group","robots":{"index":"index","follow":"follow","max-snippet":"max-snippet:-1","max-image-preview":"max-image-preview:large","max-video-preview":"max-video-preview:-1"},"canonical":"https:\/\/www.nosas.no\/nb\/produkt\/nos-cf-pumpe-45kw\/","og_locale":"nb_NO","og_type":"article","og_title":"NOS-CF-PUMP-45kw - NOS Group","og_description":"ATEX Zone 1 centrifugal pump","og_url":"https:\/\/www.nosas.no\/nb\/produkt\/nos-cf-pumpe-45kw\/","og_site_name":"NOS Group","article_modified_time":"2026-04-29T08:24:48+00:00","og_image":[{"width":345,"height":342,"url":"https:\/\/www.nosas.no\/wp-content\/uploads\/2026\/04\/Picture2.png","type":"image\/png"}],"twitter_card":"summary_large_image","twitter_misc":{"Ansl. lesetid":"1 minutt"},"schema":{"@context":"https:\/\/schema.org","@graph":[{"@type":"WebPage","@id":"https:\/\/www.nosas.no\/product\/nos-cf-pump-45kw\/","url":"https:\/\/www.nosas.no\/product\/nos-cf-pump-45kw\/","name":"NOS-CF-PUMP-45kw - NOS Group","isPartOf":{"@id":"https:\/\/www.nosas.no\/#website"},"primaryImageOfPage":{"@id":"https:\/\/www.nosas.no\/product\/nos-cf-pump-45kw\/#primaryimage"},"image":{"@id":"https:\/\/www.nosas.no\/product\/nos-cf-pump-45kw\/#primaryimage"},"thumbnailUrl":"https:\/\/www.nosas.no\/wp-content\/uploads\/2026\/04\/Picture2.png","datePublished":"2026-04-15T11:58:36+00:00","dateModified":"2026-04-29T08:24:48+00:00","breadcrumb":{"@id":"https:\/\/www.nosas.no\/product\/nos-cf-pump-45kw\/#breadcrumb"},"inLanguage":"nb-NO","potentialAction":[{"@type":"ReadAction","target":["https:\/\/www.nosas.no\/product\/nos-cf-pump-45kw\/"]}]},{"@type":"ImageObject","inLanguage":"nb-NO","@id":"https:\/\/www.nosas.no\/product\/nos-cf-pump-45kw\/#primaryimage","url":"https:\/\/www.nosas.no\/wp-content\/uploads\/2026\/04\/Picture2.png","contentUrl":"https:\/\/www.nosas.no\/wp-content\/uploads\/2026\/04\/Picture2.png","width":345,"height":342},{"@type":"BreadcrumbList","@id":"https:\/\/www.nosas.no\/product\/nos-cf-pump-45kw\/#breadcrumb","itemListElement":[{"@type":"ListItem","position":1,"name":"Home","item":"https:\/\/www.nosas.no\/"},{"@type":"ListItem","position":2,"name":"Rental Products","item":"https:\/\/www.nosas.no\/nos-rental\/products\/"},{"@type":"ListItem","position":3,"name":"NOS-CF-PUMP-45kw"}]},{"@type":"WebSite","@id":"https:\/\/www.nosas.no\/#website","url":"https:\/\/www.nosas.no\/","name":"NOS Group","description":"Vi kobler sammen spesialiserte selskaper for \u00e5 levere smartere, s\u00f8ml\u00f8se l\u00f8sninger.","potentialAction":[{"@type":"SearchAction","target":{"@type":"EntryPoint","urlTemplate":"https:\/\/www.nosas.no\/?s={search_term_string}"},"query-input":{"@type":"PropertyValueSpecification","valueRequired":true,"valueName":"search_term_string"}}],"inLanguage":"nb-NO"}]}},"_links":{"self":[{"href":"https:\/\/www.nosas.no\/nb\/wp-json\/wp\/v2\/product\/11630","targetHints":{"allow":["GET"]}}],"collection":[{"href":"https:\/\/www.nosas.no\/nb\/wp-json\/wp\/v2\/product"}],"about":[{"href":"https:\/\/www.nosas.no\/nb\/wp-json\/wp\/v2\/types\/product"}],"wp:featuredmedia":[{"embeddable":true,"href":"https:\/\/www.nosas.no\/nb\/wp-json\/wp\/v2\/media\/11743"}],"wp:attachment":[{"href":"https:\/\/www.nosas.no\/nb\/wp-json\/wp\/v2\/media?parent=11630"}],"wp:term":[{"taxonomy":"product_brand","embeddable":true,"href":"https:\/\/www.nosas.no\/nb\/wp-json\/wp\/v2\/product_brand?post=11630"},{"taxonomy":"product_cat","embeddable":true,"href":"https:\/\/www.nosas.no\/nb\/wp-json\/wp\/v2\/product_cat?post=11630"},{"taxonomy":"product_tag","embeddable":true,"href":"https:\/\/www.nosas.no\/nb\/wp-json\/wp\/v2\/product_tag?post=11630"}],"curies":[{"name":"wp","href":"https:\/\/api.w.org\/{rel}","templated":true}]}}