{"id":11657,"date":"2026-04-16T07:19:08","date_gmt":"2026-04-16T05:19:08","guid":{"rendered":"https:\/\/www-nosas.wp1.hcweb.dev\/?post_type=product&#038;p=11657"},"modified":"2026-05-07T12:14:21","modified_gmt":"2026-05-07T10:14:21","slug":"vart-5-mt","status":"publish","type":"product","link":"https:\/\/www.nosas.no\/nb\/product\/nos-5-mt\/","title":{"rendered":"NOS-5-MT"},"content":{"rendered":"<p>N\u00e5r man pumper kjemikalier og v\u00e6sker som trenger omr\u00f8ring for \u00e5 holde faste stoffer i suspensjon. Denne tanken kan med sin elektrisk drevne omr\u00f8rer blande og omr\u00f8re v\u00e6sken.<\/p>\n<p>Integrert membranpumpe kan brukes til \u00e5 pumpe kjemikalier i tanken.<\/p>","protected":false},"excerpt":{"rendered":"<p>ATEX Blandetank, container ID:Sw10-176<\/p>","protected":false},"featured_media":1493,"template":"","meta":{"_acf_changed":false},"product_brand":[],"product_cat":[65],"product_tag":[],"class_list":{"0":"post-11657","1":"product","2":"type-product","3":"status-publish","4":"has-post-thumbnail","6":"product_cat-tanks","8":"first","9":"instock","10":"shipping-taxable","11":"product-type-simple"},"acf":[],"yoast_head":"<!-- This site is optimized with the Yoast SEO plugin v27.6 - https:\/\/yoast.com\/product\/yoast-seo-wordpress\/ -->\n<title>NOS-5-MT - NOS Group<\/title>\n<meta name=\"robots\" content=\"index, follow, max-snippet:-1, max-image-preview:large, max-video-preview:-1\" \/>\n<link rel=\"canonical\" href=\"https:\/\/www.nosas.no\/nb\/produkt\/vart-5-mt\/\" \/>\n<meta property=\"og:locale\" content=\"nb_NO\" \/>\n<meta property=\"og:type\" content=\"article\" \/>\n<meta property=\"og:title\" content=\"NOS-5-MT - NOS Group\" \/>\n<meta property=\"og:description\" content=\"ATEX Miksetank, kontainer ID:Sw10-176\" \/>\n<meta property=\"og:url\" content=\"https:\/\/www.nosas.no\/nb\/produkt\/vart-5-mt\/\" \/>\n<meta property=\"og:site_name\" content=\"NOS Group\" \/>\n<meta property=\"article:modified_time\" content=\"2026-05-07T10:14:21+00:00\" \/>\n<meta property=\"og:image\" content=\"https:\/\/www.nosas.no\/wp-content\/uploads\/2025\/11\/DSC02123-2.jpg\" \/>\n\t<meta property=\"og:image:width\" content=\"2048\" \/>\n\t<meta property=\"og:image:height\" content=\"2048\" \/>\n\t<meta property=\"og:image:type\" content=\"image\/jpeg\" \/>\n<meta name=\"twitter:card\" content=\"summary_large_image\" \/>\n<meta name=\"twitter:label1\" content=\"Ansl. lesetid\" \/>\n\t<meta name=\"twitter:data1\" content=\"1 minutt\" \/>\n<script type=\"application\/ld+json\" class=\"yoast-schema-graph\">{\"@context\":\"https:\\\/\\\/schema.org\",\"@graph\":[{\"@type\":\"WebPage\",\"@id\":\"https:\\\/\\\/www.nosas.no\\\/product\\\/nos-5-mt\\\/\",\"url\":\"https:\\\/\\\/www.nosas.no\\\/product\\\/nos-5-mt\\\/\",\"name\":\"NOS-5-MT - NOS Group\",\"isPartOf\":{\"@id\":\"https:\\\/\\\/www.nosas.no\\\/#website\"},\"primaryImageOfPage\":{\"@id\":\"https:\\\/\\\/www.nosas.no\\\/product\\\/nos-5-mt\\\/#primaryimage\"},\"image\":{\"@id\":\"https:\\\/\\\/www.nosas.no\\\/product\\\/nos-5-mt\\\/#primaryimage\"},\"thumbnailUrl\":\"https:\\\/\\\/www.nosas.no\\\/wp-content\\\/uploads\\\/2025\\\/11\\\/DSC02123-2.jpg\",\"datePublished\":\"2026-04-16T05:19:08+00:00\",\"dateModified\":\"2026-05-07T10:14:21+00:00\",\"breadcrumb\":{\"@id\":\"https:\\\/\\\/www.nosas.no\\\/product\\\/nos-5-mt\\\/#breadcrumb\"},\"inLanguage\":\"nb-NO\",\"potentialAction\":[{\"@type\":\"ReadAction\",\"target\":[\"https:\\\/\\\/www.nosas.no\\\/product\\\/nos-5-mt\\\/\"]}]},{\"@type\":\"ImageObject\",\"inLanguage\":\"nb-NO\",\"@id\":\"https:\\\/\\\/www.nosas.no\\\/product\\\/nos-5-mt\\\/#primaryimage\",\"url\":\"https:\\\/\\\/www.nosas.no\\\/wp-content\\\/uploads\\\/2025\\\/11\\\/DSC02123-2.jpg\",\"contentUrl\":\"https:\\\/\\\/www.nosas.no\\\/wp-content\\\/uploads\\\/2025\\\/11\\\/DSC02123-2.jpg\",\"width\":2048,\"height\":2048},{\"@type\":\"BreadcrumbList\",\"@id\":\"https:\\\/\\\/www.nosas.no\\\/product\\\/nos-5-mt\\\/#breadcrumb\",\"itemListElement\":[{\"@type\":\"ListItem\",\"position\":1,\"name\":\"Home\",\"item\":\"https:\\\/\\\/www.nosas.no\\\/\"},{\"@type\":\"ListItem\",\"position\":2,\"name\":\"Rental Products\",\"item\":\"https:\\\/\\\/www.nosas.no\\\/nos-rental\\\/products\\\/\"},{\"@type\":\"ListItem\",\"position\":3,\"name\":\"NOS-5-MT\"}]},{\"@type\":\"WebSite\",\"@id\":\"https:\\\/\\\/www.nosas.no\\\/#website\",\"url\":\"https:\\\/\\\/www.nosas.no\\\/\",\"name\":\"NOS Group\",\"description\":\"We connect specialised companies to deliver smarter, seamless solutions.\",\"potentialAction\":[{\"@type\":\"SearchAction\",\"target\":{\"@type\":\"EntryPoint\",\"urlTemplate\":\"https:\\\/\\\/www.nosas.no\\\/?s={search_term_string}\"},\"query-input\":{\"@type\":\"PropertyValueSpecification\",\"valueRequired\":true,\"valueName\":\"search_term_string\"}}],\"inLanguage\":\"nb-NO\"}]}<\/script>\n<!-- \/ Yoast SEO plugin. -->","yoast_head_json":{"title":"NOS-5-MT - NOS Gruppen","robots":{"index":"index","follow":"follow","max-snippet":"max-snippet:-1","max-image-preview":"max-image-preview:large","max-video-preview":"max-video-preview:-1"},"canonical":"https:\/\/www.nosas.no\/nb\/produkt\/vart-5-mt\/","og_locale":"nb_NO","og_type":"article","og_title":"NOS-5-MT - NOS Group","og_description":"ATEX Miksetank, kontainer ID:Sw10-176","og_url":"https:\/\/www.nosas.no\/nb\/produkt\/vart-5-mt\/","og_site_name":"NOS Group","article_modified_time":"2026-05-07T10:14:21+00:00","og_image":[{"width":2048,"height":2048,"url":"https:\/\/www.nosas.no\/wp-content\/uploads\/2025\/11\/DSC02123-2.jpg","type":"image\/jpeg"}],"twitter_card":"summary_large_image","twitter_misc":{"Ansl. lesetid":"1 minutt"},"schema":{"@context":"https:\/\/schema.org","@graph":[{"@type":"WebPage","@id":"https:\/\/www.nosas.no\/product\/nos-5-mt\/","url":"https:\/\/www.nosas.no\/product\/nos-5-mt\/","name":"NOS-5-MT - NOS Gruppen","isPartOf":{"@id":"https:\/\/www.nosas.no\/#website"},"primaryImageOfPage":{"@id":"https:\/\/www.nosas.no\/product\/nos-5-mt\/#primaryimage"},"image":{"@id":"https:\/\/www.nosas.no\/product\/nos-5-mt\/#primaryimage"},"thumbnailUrl":"https:\/\/www.nosas.no\/wp-content\/uploads\/2025\/11\/DSC02123-2.jpg","datePublished":"2026-04-16T05:19:08+00:00","dateModified":"2026-05-07T10:14:21+00:00","breadcrumb":{"@id":"https:\/\/www.nosas.no\/product\/nos-5-mt\/#breadcrumb"},"inLanguage":"nb-NO","potentialAction":[{"@type":"ReadAction","target":["https:\/\/www.nosas.no\/product\/nos-5-mt\/"]}]},{"@type":"ImageObject","inLanguage":"nb-NO","@id":"https:\/\/www.nosas.no\/product\/nos-5-mt\/#primaryimage","url":"https:\/\/www.nosas.no\/wp-content\/uploads\/2025\/11\/DSC02123-2.jpg","contentUrl":"https:\/\/www.nosas.no\/wp-content\/uploads\/2025\/11\/DSC02123-2.jpg","width":2048,"height":2048},{"@type":"BreadcrumbList","@id":"https:\/\/www.nosas.no\/product\/nos-5-mt\/#breadcrumb","itemListElement":[{"@type":"ListItem","position":1,"name":"Home","item":"https:\/\/www.nosas.no\/"},{"@type":"ListItem","position":2,"name":"Rental Products","item":"https:\/\/www.nosas.no\/nos-rental\/products\/"},{"@type":"ListItem","position":3,"name":"NOS-5-MT"}]},{"@type":"WebSite","@id":"https:\/\/www.nosas.no\/#website","url":"https:\/\/www.nosas.no\/","name":"NOS Group","description":"Vi kobler sammen spesialiserte selskaper for \u00e5 levere smartere, s\u00f8ml\u00f8se l\u00f8sninger.","potentialAction":[{"@type":"SearchAction","target":{"@type":"EntryPoint","urlTemplate":"https:\/\/www.nosas.no\/?s={search_term_string}"},"query-input":{"@type":"PropertyValueSpecification","valueRequired":true,"valueName":"search_term_string"}}],"inLanguage":"nb-NO"}]}},"_links":{"self":[{"href":"https:\/\/www.nosas.no\/nb\/wp-json\/wp\/v2\/product\/11657","targetHints":{"allow":["GET"]}}],"collection":[{"href":"https:\/\/www.nosas.no\/nb\/wp-json\/wp\/v2\/product"}],"about":[{"href":"https:\/\/www.nosas.no\/nb\/wp-json\/wp\/v2\/types\/product"}],"wp:featuredmedia":[{"embeddable":true,"href":"https:\/\/www.nosas.no\/nb\/wp-json\/wp\/v2\/media\/1493"}],"wp:attachment":[{"href":"https:\/\/www.nosas.no\/nb\/wp-json\/wp\/v2\/media?parent=11657"}],"wp:term":[{"taxonomy":"product_brand","embeddable":true,"href":"https:\/\/www.nosas.no\/nb\/wp-json\/wp\/v2\/product_brand?post=11657"},{"taxonomy":"product_cat","embeddable":true,"href":"https:\/\/www.nosas.no\/nb\/wp-json\/wp\/v2\/product_cat?post=11657"},{"taxonomy":"product_tag","embeddable":true,"href":"https:\/\/www.nosas.no\/nb\/wp-json\/wp\/v2\/product_tag?post=11657"}],"curies":[{"name":"wp","href":"https:\/\/api.w.org\/{rel}","templated":true}]}}