{"id":1995,"date":"2026-02-10T12:17:40","date_gmt":"2026-02-10T11:17:40","guid":{"rendered":"https:\/\/www.nosas.no\/?post_type=product&#038;p=1995"},"modified":"2026-02-10T12:20:42","modified_gmt":"2026-02-10T11:20:42","slug":"atex-sone-1-sentrifugalpumpe","status":"publish","type":"product","link":"https:\/\/www.nosas.no\/nb\/product\/atex-zone-1-centrifugal-pump\/","title":{"rendered":"Sentrifugalpumpe for ATEX-sone 1"},"content":{"rendered":"<p>Hos NOS Rental f\u00f8lger vi en enkel filosofi: Vi leverer alltid. N\u00e5r en kunde presenterer et behov, svarer vi og utf\u00f8rer det. Nylig innebar dette \u00e5 bygge fem nye sentrifugalpumpeenheter med DNV 2.7-1-enkeltl\u00f8ftsertifisering, som hver kan levere opptil 2 500 liter per minutt ved 6 bar.<\/p>\n<p>Etter \u00e5 ha fullf\u00f8rt denne leveransen ble vi utfordret til \u00e5 utvikle et mer stabilt alternativ til store, pulserende membranpumper. Vi tok oppgaven p\u00e5 strak arm og utviklet v\u00e5re nye, kompakte sentrifugalenheter utstyrt med frekvensomformere, slik at operat\u00f8ren kan justere gjennomstr\u00f8mningen s\u00f8ml\u00f8st og forbedre den generelle kontrollen. Disse enhetene leverer opptil 6 bar og 633 liter per minutt.<\/p>\n<p>Vi har forst\u00e5tt at det er begrenset med plass offshore, og har derfor designet pumpene s\u00e5 kompakte som mulig. Hver enhet kan flyttes med en jekketralle eller l\u00f8ftes p\u00e5 en trygg m\u00e5te, ettersom de er sertifisert for R002 interne l\u00f8ft.<\/p>\n<p>\u00a0<\/p>","protected":false},"excerpt":{"rendered":"<p>NOS Rental tilbyr et bredt utvalg av sentrifugalpumper for ATEX-sone 1, fra kompakte enheter i pallest\u00f8rrelse til st\u00f8rre DNV 2.7-1-sertifiserte systemer med ett l\u00f8ft<\/p>","protected":false},"featured_media":1506,"template":"","meta":{"_acf_changed":false},"product_brand":[],"product_cat":[41,38],"product_tag":[],"class_list":{"0":"post-1995","1":"product","2":"type-product","3":"status-publish","4":"has-post-thumbnail","6":"product_cat-rental-products","7":"product_cat-transfer-pumping-units","9":"first","10":"instock","11":"shipping-taxable","12":"product-type-simple"},"acf":[],"yoast_head":"<!-- This site is optimized with the Yoast SEO plugin v27.3 - https:\/\/yoast.com\/product\/yoast-seo-wordpress\/ -->\n<title>ATEX Zone 1 centrifugal pump - NOS Group<\/title>\n<meta name=\"robots\" content=\"index, follow, max-snippet:-1, max-image-preview:large, max-video-preview:-1\" \/>\n<link rel=\"canonical\" href=\"https:\/\/www.nosas.no\/nb\/produkt\/atex-sone-1-sentrifugalpumpe\/\" \/>\n<meta property=\"og:locale\" content=\"nb_NO\" \/>\n<meta property=\"og:type\" content=\"article\" \/>\n<meta property=\"og:title\" content=\"ATEX Zone 1 centrifugal pump - NOS Group\" \/>\n<meta property=\"og:description\" content=\"NOS Rental offers a wide range of ATEX Zone 1 centrifugal pumps, from compact pallet-sized units to larger single-lift DNV 2.7-1 certified systems\" \/>\n<meta property=\"og:url\" content=\"https:\/\/www.nosas.no\/nb\/produkt\/atex-sone-1-sentrifugalpumpe\/\" \/>\n<meta property=\"og:site_name\" content=\"NOS Group\" \/>\n<meta property=\"article:modified_time\" content=\"2026-02-10T11:20:42+00:00\" \/>\n<meta property=\"og:image\" content=\"https:\/\/www.nosas.no\/wp-content\/uploads\/2025\/11\/DSC02204-2.jpg\" \/>\n\t<meta property=\"og:image:width\" content=\"2048\" \/>\n\t<meta property=\"og:image:height\" content=\"1365\" \/>\n\t<meta property=\"og:image:type\" content=\"image\/jpeg\" \/>\n<meta name=\"twitter:card\" content=\"summary_large_image\" \/>\n<meta name=\"twitter:label1\" content=\"Ansl. lesetid\" \/>\n\t<meta name=\"twitter:data1\" content=\"1 minutt\" \/>\n<script type=\"application\/ld+json\" class=\"yoast-schema-graph\">{\"@context\":\"https:\\\/\\\/schema.org\",\"@graph\":[{\"@type\":\"WebPage\",\"@id\":\"https:\\\/\\\/www.nosas.no\\\/product\\\/atex-zone-1-centrifugal-pump\\\/\",\"url\":\"https:\\\/\\\/www.nosas.no\\\/product\\\/atex-zone-1-centrifugal-pump\\\/\",\"name\":\"ATEX Zone 1 centrifugal pump - NOS Group\",\"isPartOf\":{\"@id\":\"https:\\\/\\\/www.nosas.no\\\/#website\"},\"primaryImageOfPage\":{\"@id\":\"https:\\\/\\\/www.nosas.no\\\/product\\\/atex-zone-1-centrifugal-pump\\\/#primaryimage\"},\"image\":{\"@id\":\"https:\\\/\\\/www.nosas.no\\\/product\\\/atex-zone-1-centrifugal-pump\\\/#primaryimage\"},\"thumbnailUrl\":\"https:\\\/\\\/www.nosas.no\\\/wp-content\\\/uploads\\\/2025\\\/11\\\/DSC02204-2.jpg\",\"datePublished\":\"2026-02-10T11:17:40+00:00\",\"dateModified\":\"2026-02-10T11:20:42+00:00\",\"breadcrumb\":{\"@id\":\"https:\\\/\\\/www.nosas.no\\\/product\\\/atex-zone-1-centrifugal-pump\\\/#breadcrumb\"},\"inLanguage\":\"nb-NO\",\"potentialAction\":[{\"@type\":\"ReadAction\",\"target\":[\"https:\\\/\\\/www.nosas.no\\\/product\\\/atex-zone-1-centrifugal-pump\\\/\"]}]},{\"@type\":\"ImageObject\",\"inLanguage\":\"nb-NO\",\"@id\":\"https:\\\/\\\/www.nosas.no\\\/product\\\/atex-zone-1-centrifugal-pump\\\/#primaryimage\",\"url\":\"https:\\\/\\\/www.nosas.no\\\/wp-content\\\/uploads\\\/2025\\\/11\\\/DSC02204-2.jpg\",\"contentUrl\":\"https:\\\/\\\/www.nosas.no\\\/wp-content\\\/uploads\\\/2025\\\/11\\\/DSC02204-2.jpg\",\"width\":2048,\"height\":1365},{\"@type\":\"BreadcrumbList\",\"@id\":\"https:\\\/\\\/www.nosas.no\\\/product\\\/atex-zone-1-centrifugal-pump\\\/#breadcrumb\",\"itemListElement\":[{\"@type\":\"ListItem\",\"position\":1,\"name\":\"Home\",\"item\":\"https:\\\/\\\/www.nosas.no\\\/\"},{\"@type\":\"ListItem\",\"position\":2,\"name\":\"Rental Products\",\"item\":\"https:\\\/\\\/www.nosas.no\\\/nos-rental\\\/products\\\/\"},{\"@type\":\"ListItem\",\"position\":3,\"name\":\"ATEX Zone 1 centrifugal pump\"}]},{\"@type\":\"WebSite\",\"@id\":\"https:\\\/\\\/www.nosas.no\\\/#website\",\"url\":\"https:\\\/\\\/www.nosas.no\\\/\",\"name\":\"NOS Group\",\"description\":\"We connect specialised companies to deliver smarter, seamless solutions.\",\"potentialAction\":[{\"@type\":\"SearchAction\",\"target\":{\"@type\":\"EntryPoint\",\"urlTemplate\":\"https:\\\/\\\/www.nosas.no\\\/?s={search_term_string}\"},\"query-input\":{\"@type\":\"PropertyValueSpecification\",\"valueRequired\":true,\"valueName\":\"search_term_string\"}}],\"inLanguage\":\"nb-NO\"}]}<\/script>\n<!-- \/ Yoast SEO plugin. -->","yoast_head_json":{"title":"Sentrifugalpumpe for ATEX-sone 1 - NOS Group","robots":{"index":"index","follow":"follow","max-snippet":"max-snippet:-1","max-image-preview":"max-image-preview:large","max-video-preview":"max-video-preview:-1"},"canonical":"https:\/\/www.nosas.no\/nb\/produkt\/atex-sone-1-sentrifugalpumpe\/","og_locale":"nb_NO","og_type":"article","og_title":"ATEX Zone 1 centrifugal pump - NOS Group","og_description":"NOS Rental offers a wide range of ATEX Zone 1 centrifugal pumps, from compact pallet-sized units to larger single-lift DNV 2.7-1 certified systems","og_url":"https:\/\/www.nosas.no\/nb\/produkt\/atex-sone-1-sentrifugalpumpe\/","og_site_name":"NOS Group","article_modified_time":"2026-02-10T11:20:42+00:00","og_image":[{"width":2048,"height":1365,"url":"https:\/\/www.nosas.no\/wp-content\/uploads\/2025\/11\/DSC02204-2.jpg","type":"image\/jpeg"}],"twitter_card":"summary_large_image","twitter_misc":{"Ansl. lesetid":"1 minutt"},"schema":{"@context":"https:\/\/schema.org","@graph":[{"@type":"WebPage","@id":"https:\/\/www.nosas.no\/product\/atex-zone-1-centrifugal-pump\/","url":"https:\/\/www.nosas.no\/product\/atex-zone-1-centrifugal-pump\/","name":"Sentrifugalpumpe for ATEX-sone 1 - NOS Group","isPartOf":{"@id":"https:\/\/www.nosas.no\/#website"},"primaryImageOfPage":{"@id":"https:\/\/www.nosas.no\/product\/atex-zone-1-centrifugal-pump\/#primaryimage"},"image":{"@id":"https:\/\/www.nosas.no\/product\/atex-zone-1-centrifugal-pump\/#primaryimage"},"thumbnailUrl":"https:\/\/www.nosas.no\/wp-content\/uploads\/2025\/11\/DSC02204-2.jpg","datePublished":"2026-02-10T11:17:40+00:00","dateModified":"2026-02-10T11:20:42+00:00","breadcrumb":{"@id":"https:\/\/www.nosas.no\/product\/atex-zone-1-centrifugal-pump\/#breadcrumb"},"inLanguage":"nb-NO","potentialAction":[{"@type":"ReadAction","target":["https:\/\/www.nosas.no\/product\/atex-zone-1-centrifugal-pump\/"]}]},{"@type":"ImageObject","inLanguage":"nb-NO","@id":"https:\/\/www.nosas.no\/product\/atex-zone-1-centrifugal-pump\/#primaryimage","url":"https:\/\/www.nosas.no\/wp-content\/uploads\/2025\/11\/DSC02204-2.jpg","contentUrl":"https:\/\/www.nosas.no\/wp-content\/uploads\/2025\/11\/DSC02204-2.jpg","width":2048,"height":1365},{"@type":"BreadcrumbList","@id":"https:\/\/www.nosas.no\/product\/atex-zone-1-centrifugal-pump\/#breadcrumb","itemListElement":[{"@type":"ListItem","position":1,"name":"Home","item":"https:\/\/www.nosas.no\/"},{"@type":"ListItem","position":2,"name":"Rental Products","item":"https:\/\/www.nosas.no\/nos-rental\/products\/"},{"@type":"ListItem","position":3,"name":"ATEX Zone 1 centrifugal pump"}]},{"@type":"WebSite","@id":"https:\/\/www.nosas.no\/#website","url":"https:\/\/www.nosas.no\/","name":"NOS Group","description":"Vi kobler sammen spesialiserte selskaper for \u00e5 levere smartere, s\u00f8ml\u00f8se l\u00f8sninger.","potentialAction":[{"@type":"SearchAction","target":{"@type":"EntryPoint","urlTemplate":"https:\/\/www.nosas.no\/?s={search_term_string}"},"query-input":{"@type":"PropertyValueSpecification","valueRequired":true,"valueName":"search_term_string"}}],"inLanguage":"nb-NO"}]}},"_links":{"self":[{"href":"https:\/\/www.nosas.no\/nb\/wp-json\/wp\/v2\/product\/1995","targetHints":{"allow":["GET"]}}],"collection":[{"href":"https:\/\/www.nosas.no\/nb\/wp-json\/wp\/v2\/product"}],"about":[{"href":"https:\/\/www.nosas.no\/nb\/wp-json\/wp\/v2\/types\/product"}],"wp:featuredmedia":[{"embeddable":true,"href":"https:\/\/www.nosas.no\/nb\/wp-json\/wp\/v2\/media\/1506"}],"wp:attachment":[{"href":"https:\/\/www.nosas.no\/nb\/wp-json\/wp\/v2\/media?parent=1995"}],"wp:term":[{"taxonomy":"product_brand","embeddable":true,"href":"https:\/\/www.nosas.no\/nb\/wp-json\/wp\/v2\/product_brand?post=1995"},{"taxonomy":"product_cat","embeddable":true,"href":"https:\/\/www.nosas.no\/nb\/wp-json\/wp\/v2\/product_cat?post=1995"},{"taxonomy":"product_tag","embeddable":true,"href":"https:\/\/www.nosas.no\/nb\/wp-json\/wp\/v2\/product_tag?post=1995"}],"curies":[{"name":"wp","href":"https:\/\/api.w.org\/{rel}","templated":true}]}}